{"id":43752,"date":"2026-02-03T14:31:40","date_gmt":"2026-02-03T13:31:40","guid":{"rendered":"https:\/\/nutrispoint.com\/?post_type=product&#038;p=43752"},"modified":"2026-03-19T11:43:08","modified_gmt":"2026-03-19T10:43:08","slug":"night-recharge-marine-magnesium-okus-visnja-prehransko-dopolnilo","status":"publish","type":"product","link":"https:\/\/nutrispoint.com\/?izdelek=night-recharge-marine-magnesium-okus-visnja-prehransko-dopolnilo","title":{"rendered":"NIGHT RECHARGE, Marine Magnesium, Okus Vi\u0161nja | Prehransko dopolnilo"},"content":{"rendered":"<div style=\"margin: 20px; font-family: 'Open Sans', Arial, sans-serif; line-height: 1.6; color: #333; text-align: left;\">\n<h3 style=\"color: #583275; font-size: 20px;\">NIGHT RECHARGE<\/h3>\n<h3 style=\"color: #000000; font-size: 20px;\">NIGHT MAGNESIUM &#8211; OKUS VI\u0160NJA | Prehransko dopolnilo s sladilom<\/h3>\n<h4 style=\"color: #000000; margin-top: 20px; font-size: 20px;\">Magnezijev regeneracijski napitek v prahu z dodanimi aminokislinami in bioflavonoidi<\/h4>\n<p>NIGHT RECHARGE je regeneracijski magnezijev napitek v prahu, zasnovan za ve\u010derno podporo telesu. Vsebuje naravni Aquamin\u2122 z ve\u010d kot 70 minerali v sledovih, ki zagotavlja visoko biolo\u0161ko razpolo\u017eljivost magnezija.<\/p>\n<p>Magnezij prispeva k normalnemu delovanju mi\u0161ic in \u017eiv\u010dnega sistema ter pomaga zmanj\u0161evati utrujenost in iz\u010drpanost, medtem ko vitamin B6 podpira normalno delovanje \u017eiv\u010dnega sistema in energijski metabolizem.<\/p>\n<p>Napitek je obogaten z <strong>L-triptofanom<\/strong>, <strong>mio-inozitolom<\/strong> in <strong>bioflavonoidi<\/strong> za podporo sprostitvi in regeneraciji, sladkan s stevijo in sukralozo, z osve\u017eujo\u010dim okusom vi\u0161nje.<\/p>\n<\/div>\n<div style=\"margin: 20px; font-family: 'Open Sans', Arial, sans-serif; line-height: 1.6; color: #333; text-align: left;\">\n<h3 style=\"color: #583275; font-size: 20px;\">Kako deluje?<\/h3>\n<ul style=\"padding-left: 20px; margin-top: 10px;\">\n<li>Zau\u017eije\u0161 napitek zve\u010der<\/li>\n<li>Magnezij podpira delovanje mi\u0161ic in \u017eiv\u010dnega sistema<\/li>\n<li>Vitamin B6 prispeva k normalni presnovi energije<\/li>\n<li>L-triptofan in mio-inozitol podpirata sprostitev<\/li>\n<li>Telo se regenerira in spodbuja bolj\u0161i no\u010dni po\u010ditek<\/li>\n<\/ul>\n<p>&nbsp;<\/p>\n<p>&nbsp;<\/p>\n<p><img fetchpriority=\"high\" decoding=\"async\" class=\"alignnone size-thumbnail wp-image-46101\" role=\"img\" src=\"https:\/\/nutrispoint.com\/wp-content\/uploads\/2026\/02\/Night-Recharge_tabelca_SLO-2.svg\" alt=\"\" width=\"600\" height=\"168\" \/><\/p>\n<p>&nbsp;<\/p>\n<p><!-- Header --><\/p>\n<div style=\"display: flex; justify-content: space-between; align-items: flex-end; border-bottom: 2px solid #5F6F73; padding-bottom: 10px; margin-bottom: 14px;\">\n<div style=\"font-size: 20px; font-weight: 600; line-height: 1.2; color: #5f6f73;\">Recommended daily intake contains<br \/>\n<span style=\"font-size: 14px; font-weight: 400; color: #6f7f83;\"><br \/>\nPriporo\u010dena dnevna koli\u010dina vsebuje<br \/>\n<\/span><\/div>\n<div style=\"text-align: right;\">\n<div style=\"font-size: 28px; font-weight: bold; color: #5f6f73;\">5,5 g<\/div>\n<div style=\"font-size: 12px; letter-spacing: 1.2px; color: #5f6f73;\">SERVING \/ PORCIJA<\/div>\n<\/div>\n<\/div>\n<p><!-- Rows --><\/p>\n<div style=\"display: flex; justify-content: space-between; padding: 10px 0; border-bottom: 1px solid #d9d9d9;\">\n<div>Magnesium (from Aquamin\u2122 and magnesium citrate)<br \/>\n<span style=\"font-size: 13px; color: #6f7f83;\">Magnezij (iz Aquamin\u2122 in magnezijevega citrata)<\/span><\/div>\n<div style=\"text-align: right;\">375 mg (100% RDA \/ PDV*)<\/div>\n<\/div>\n<div style=\"display: flex; justify-content: space-between; padding: 10px 0; border-bottom: 1px solid #d9d9d9;\">\n<div>Vitamin B6<br \/>\n<span style=\"font-size: 13px; color: #6f7f83;\">Vitamin B6<\/span><\/div>\n<div style=\"text-align: right;\">1,4 mg (100% RDA \/ PDV*)<\/div>\n<\/div>\n<div style=\"display: flex; justify-content: space-between; padding: 10px 0; border-bottom: 1px solid #d9d9d9;\">\n<div>Myo-inositol<br \/>\n<span style=\"font-size: 13px; color: #6f7f83;\">Mio-inozitol<\/span><\/div>\n<div style=\"text-align: right;\">1000 mg<\/div>\n<\/div>\n<div style=\"display: flex; justify-content: space-between; padding: 10px 0; border-bottom: 1px solid #d9d9d9;\">\n<div>Taurine<br \/>\n<span style=\"font-size: 13px; color: #6f7f83;\">Taurin<\/span><\/div>\n<div style=\"text-align: right;\">300 mg<\/div>\n<\/div>\n<div style=\"display: flex; justify-content: space-between; padding: 10px 0; border-bottom: 1px solid #d9d9d9;\">\n<div>L-tryptophan<br \/>\n<span style=\"font-size: 13px; color: #6f7f83;\">L-triptofan<\/span><\/div>\n<div style=\"text-align: right;\">300 mg<\/div>\n<\/div>\n<div style=\"display: flex; justify-content: space-between; padding: 10px 0;\">\n<div>Bitter orange extract \/ Green tea extract<br \/>\n<span style=\"font-size: 13px; color: #6f7f83;\">Izvle\u010dek grenke pomaran\u010de \/ zelenega \u010daja<\/span><\/div>\n<div style=\"text-align: right;\">200 mg (bioflavonoids 120 mg)<\/div>\n<\/div>\n<p><!-- Footnote --><\/p>\n<div style=\"margin-top: 10px; font-size: 12px; color: #6b6b6b;\">*RDA \u2013 Recommended dietary allowance \/ PDV \u2013 Priporo\u010den dnevni vnos<\/div>\n<\/div>\n","protected":false},"excerpt":{"rendered":"<ul>\n<li>Aquamin\u2122 \u2013 naravni morski magnezij z ve\u010d kot 70 minerali v sledovih za visoko biolo\u0161ko razpolo\u017eljivost<\/li>\n<li>Magnezij prispeva k normalnemu delovanju mi\u0161ic in \u017eiv\u010dnega sistema ter pomaga zmanj\u0161evati utrujenost in iz\u010drpanost<\/li>\n<li>Dodani L-triptofan, mio-inozitol in bioflavonoidi za podporo spro\u0161\u010danju in ve\u010derni regeneraciji<\/li>\n<li>Obogaten z vitaminom B6, ki prispeva k normalnemu delovanju \u017eiv\u010dnega sistema in energijskemu metabolizmu<\/li>\n<li>Osve\u017eujo\u010d okus vi\u0161nje, brez dodanega sladkorja \u2013 sladkano s stevijo in sukralozo<\/li>\n<li>30 porcij<\/li>\n<\/ul>\n<p>&nbsp;<\/p>\n<p><img decoding=\"async\" data-src=\"https:\/\/www.nutrispoint.com\/wp-content\/uploads\/2023\/04\/Aquamin.svg\" width=\"20%\" src=\"data:image\/svg+xml;base64,PHN2ZyB3aWR0aD0iMSIgaGVpZ2h0PSIxIiB4bWxucz0iaHR0cDovL3d3dy53My5vcmcvMjAwMC9zdmciPjwvc3ZnPg==\" class=\"lazyload\" \/> <img decoding=\"async\" data-src=\"https:\/\/www.nutrispoint.com\/wp-content\/uploads\/2025\/08\/APPROVED_EN-2.svg\" width=\"20%\" src=\"data:image\/svg+xml;base64,PHN2ZyB3aWR0aD0iMSIgaGVpZ2h0PSIxIiB4bWxucz0iaHR0cDovL3d3dy53My5vcmcvMjAwMC9zdmciPjwvc3ZnPg==\" class=\"lazyload\" \/> <img decoding=\"async\" data-src=\"https:\/\/www.nutrispoint.com\/wp-content\/uploads\/2025\/08\/RECYCABLE.svg\" width=\"20%\" src=\"data:image\/svg+xml;base64,PHN2ZyB3aWR0aD0iMSIgaGVpZ2h0PSIxIiB4bWxucz0iaHR0cDovL3d3dy53My5vcmcvMjAwMC9zdmciPjwvc3ZnPg==\" class=\"lazyload\" \/><\/p>\n<p><img decoding=\"async\" class=\"alignnone size-thumbnail wp-image-45699 lazyload\" role=\"img\" data-src=\"https:\/\/nutrispoint.com\/wp-content\/uploads\/2026\/02\/165.svg\" alt=\"\" width=\"20%\" src=\"data:image\/svg+xml;base64,PHN2ZyB3aWR0aD0iMSIgaGVpZ2h0PSIxIiB4bWxucz0iaHR0cDovL3d3dy53My5vcmcvMjAwMC9zdmciPjwvc3ZnPg==\" \/><\/p>\n","protected":false},"featured_media":44267,"comment_status":"open","ping_status":"closed","template":"","meta":[],"product_brand":[],"product_cat":[466],"product_tag":[],"class_list":{"0":"post-43752","1":"product","2":"type-product","3":"status-publish","4":"has-post-thumbnail","6":"product_cat-sport-line","8":"first","9":"instock","10":"taxable","11":"shipping-taxable","12":"purchasable","13":"product-type-simple"},"yoast_head":"<!-- This site is optimized with the Yoast SEO plugin v27.5 - https:\/\/yoast.com\/product\/yoast-seo-wordpress\/ -->\n<title>NIGHT RECHARGE, Marine Magnesium, Okus Vi\u0161nja | Prehransko dopolnilo - Nutrispoint<\/title>\n<meta name=\"robots\" content=\"index, follow, max-snippet:-1, max-image-preview:large, max-video-preview:-1\" \/>\n<link rel=\"canonical\" href=\"https:\/\/nutrispoint.com\/?izdelek=night-recharge-marine-magnesium-okus-visnja-prehransko-dopolnilo\" \/>\n<meta name=\"twitter:label1\" content=\"Est. reading time\" \/>\n\t<meta name=\"twitter:data1\" content=\"2 minuti\" \/>\n<script type=\"application\/ld+json\" class=\"yoast-schema-graph\">{\"@context\":\"https:\\\/\\\/schema.org\",\"@graph\":[{\"@type\":\"WebPage\",\"@id\":\"https:\\\/\\\/nutrispoint.com\\\/?izdelek=night-recharge-marine-magnesium-okus-visnja-prehransko-dopolnilo\",\"url\":\"https:\\\/\\\/nutrispoint.com\\\/?izdelek=night-recharge-marine-magnesium-okus-visnja-prehransko-dopolnilo\",\"name\":\"NIGHT RECHARGE, Marine Magnesium, Okus Vi\u0161nja | Prehransko dopolnilo - Nutrispoint\",\"isPartOf\":{\"@id\":\"https:\\\/\\\/nutrispoint.com\\\/#website\"},\"primaryImageOfPage\":{\"@id\":\"https:\\\/\\\/nutrispoint.com\\\/?izdelek=night-recharge-marine-magnesium-okus-visnja-prehransko-dopolnilo#primaryimage\"},\"image\":{\"@id\":\"https:\\\/\\\/nutrispoint.com\\\/?izdelek=night-recharge-marine-magnesium-okus-visnja-prehransko-dopolnilo#primaryimage\"},\"thumbnailUrl\":\"https:\\\/\\\/nutrispoint.com\\\/wp-content\\\/uploads\\\/2026\\\/02\\\/Nutrispoint_Doypack_Night-Magnesium_white_Shadow.png\",\"datePublished\":\"2026-02-03T13:31:40+00:00\",\"dateModified\":\"2026-03-19T10:43:08+00:00\",\"breadcrumb\":{\"@id\":\"https:\\\/\\\/nutrispoint.com\\\/?izdelek=night-recharge-marine-magnesium-okus-visnja-prehransko-dopolnilo#breadcrumb\"},\"inLanguage\":\"sl-SI\",\"potentialAction\":[{\"@type\":\"ReadAction\",\"target\":[\"https:\\\/\\\/nutrispoint.com\\\/?izdelek=night-recharge-marine-magnesium-okus-visnja-prehransko-dopolnilo\"]}]},{\"@type\":\"ImageObject\",\"inLanguage\":\"sl-SI\",\"@id\":\"https:\\\/\\\/nutrispoint.com\\\/?izdelek=night-recharge-marine-magnesium-okus-visnja-prehransko-dopolnilo#primaryimage\",\"url\":\"https:\\\/\\\/nutrispoint.com\\\/wp-content\\\/uploads\\\/2026\\\/02\\\/Nutrispoint_Doypack_Night-Magnesium_white_Shadow.png\",\"contentUrl\":\"https:\\\/\\\/nutrispoint.com\\\/wp-content\\\/uploads\\\/2026\\\/02\\\/Nutrispoint_Doypack_Night-Magnesium_white_Shadow.png\",\"width\":1772,\"height\":1772},{\"@type\":\"BreadcrumbList\",\"@id\":\"https:\\\/\\\/nutrispoint.com\\\/?izdelek=night-recharge-marine-magnesium-okus-visnja-prehransko-dopolnilo#breadcrumb\",\"itemListElement\":[{\"@type\":\"ListItem\",\"position\":1,\"name\":\"Home\",\"item\":\"https:\\\/\\\/nutrispoint.com\\\/\"},{\"@type\":\"ListItem\",\"position\":2,\"name\":\"Trgovina\",\"item\":\"https:\\\/\\\/nutrispoint.com?page_id=6691\"},{\"@type\":\"ListItem\",\"position\":3,\"name\":\"NIGHT RECHARGE, Marine Magnesium, Okus Vi\u0161nja | Prehransko dopolnilo\"}]},{\"@type\":\"WebSite\",\"@id\":\"https:\\\/\\\/nutrispoint.com\\\/#website\",\"url\":\"https:\\\/\\\/nutrispoint.com\\\/\",\"name\":\"Nutrispoint\",\"description\":\"Honest nutrition\",\"publisher\":{\"@id\":\"https:\\\/\\\/nutrispoint.com\\\/#organization\"},\"potentialAction\":[{\"@type\":\"SearchAction\",\"target\":{\"@type\":\"EntryPoint\",\"urlTemplate\":\"https:\\\/\\\/nutrispoint.com\\\/?s={search_term_string}\"},\"query-input\":{\"@type\":\"PropertyValueSpecification\",\"valueRequired\":true,\"valueName\":\"search_term_string\"}}],\"inLanguage\":\"sl-SI\"},{\"@type\":\"Organization\",\"@id\":\"https:\\\/\\\/nutrispoint.com\\\/#organization\",\"name\":\"Nutrispoint\",\"url\":\"https:\\\/\\\/nutrispoint.com\\\/\",\"logo\":{\"@type\":\"ImageObject\",\"inLanguage\":\"sl-SI\",\"@id\":\"https:\\\/\\\/nutrispoint.com\\\/#\\\/schema\\\/logo\\\/image\\\/\",\"url\":\"https:\\\/\\\/nutrispoint.com\\\/wp-content\\\/uploads\\\/2025\\\/06\\\/Nutrispoint_Horizontal-Logo-2025.svg\",\"contentUrl\":\"https:\\\/\\\/nutrispoint.com\\\/wp-content\\\/uploads\\\/2025\\\/06\\\/Nutrispoint_Horizontal-Logo-2025.svg\",\"width\":400,\"height\":72,\"caption\":\"Nutrispoint\"},\"image\":{\"@id\":\"https:\\\/\\\/nutrispoint.com\\\/#\\\/schema\\\/logo\\\/image\\\/\"}}]}<\/script>\n<!-- \/ Yoast SEO plugin. -->","yoast_head_json":{"title":"NIGHT RECHARGE, Marine Magnesium, Okus Vi\u0161nja | Prehransko dopolnilo - Nutrispoint","robots":{"index":"index","follow":"follow","max-snippet":"max-snippet:-1","max-image-preview":"max-image-preview:large","max-video-preview":"max-video-preview:-1"},"canonical":"https:\/\/nutrispoint.com\/?izdelek=night-recharge-marine-magnesium-okus-visnja-prehransko-dopolnilo","twitter_misc":{"Est. reading time":"2 minuti"},"schema":{"@context":"https:\/\/schema.org","@graph":[{"@type":"WebPage","@id":"https:\/\/nutrispoint.com\/?izdelek=night-recharge-marine-magnesium-okus-visnja-prehransko-dopolnilo","url":"https:\/\/nutrispoint.com\/?izdelek=night-recharge-marine-magnesium-okus-visnja-prehransko-dopolnilo","name":"NIGHT RECHARGE, Marine Magnesium, Okus Vi\u0161nja | Prehransko dopolnilo - Nutrispoint","isPartOf":{"@id":"https:\/\/nutrispoint.com\/#website"},"primaryImageOfPage":{"@id":"https:\/\/nutrispoint.com\/?izdelek=night-recharge-marine-magnesium-okus-visnja-prehransko-dopolnilo#primaryimage"},"image":{"@id":"https:\/\/nutrispoint.com\/?izdelek=night-recharge-marine-magnesium-okus-visnja-prehransko-dopolnilo#primaryimage"},"thumbnailUrl":"https:\/\/nutrispoint.com\/wp-content\/uploads\/2026\/02\/Nutrispoint_Doypack_Night-Magnesium_white_Shadow.png","datePublished":"2026-02-03T13:31:40+00:00","dateModified":"2026-03-19T10:43:08+00:00","breadcrumb":{"@id":"https:\/\/nutrispoint.com\/?izdelek=night-recharge-marine-magnesium-okus-visnja-prehransko-dopolnilo#breadcrumb"},"inLanguage":"sl-SI","potentialAction":[{"@type":"ReadAction","target":["https:\/\/nutrispoint.com\/?izdelek=night-recharge-marine-magnesium-okus-visnja-prehransko-dopolnilo"]}]},{"@type":"ImageObject","inLanguage":"sl-SI","@id":"https:\/\/nutrispoint.com\/?izdelek=night-recharge-marine-magnesium-okus-visnja-prehransko-dopolnilo#primaryimage","url":"https:\/\/nutrispoint.com\/wp-content\/uploads\/2026\/02\/Nutrispoint_Doypack_Night-Magnesium_white_Shadow.png","contentUrl":"https:\/\/nutrispoint.com\/wp-content\/uploads\/2026\/02\/Nutrispoint_Doypack_Night-Magnesium_white_Shadow.png","width":1772,"height":1772},{"@type":"BreadcrumbList","@id":"https:\/\/nutrispoint.com\/?izdelek=night-recharge-marine-magnesium-okus-visnja-prehransko-dopolnilo#breadcrumb","itemListElement":[{"@type":"ListItem","position":1,"name":"Home","item":"https:\/\/nutrispoint.com\/"},{"@type":"ListItem","position":2,"name":"Trgovina","item":"https:\/\/nutrispoint.com?page_id=6691"},{"@type":"ListItem","position":3,"name":"NIGHT RECHARGE, Marine Magnesium, Okus Vi\u0161nja | Prehransko dopolnilo"}]},{"@type":"WebSite","@id":"https:\/\/nutrispoint.com\/#website","url":"https:\/\/nutrispoint.com\/","name":"Nutrispoint","description":"Honest nutrition","publisher":{"@id":"https:\/\/nutrispoint.com\/#organization"},"potentialAction":[{"@type":"SearchAction","target":{"@type":"EntryPoint","urlTemplate":"https:\/\/nutrispoint.com\/?s={search_term_string}"},"query-input":{"@type":"PropertyValueSpecification","valueRequired":true,"valueName":"search_term_string"}}],"inLanguage":"sl-SI"},{"@type":"Organization","@id":"https:\/\/nutrispoint.com\/#organization","name":"Nutrispoint","url":"https:\/\/nutrispoint.com\/","logo":{"@type":"ImageObject","inLanguage":"sl-SI","@id":"https:\/\/nutrispoint.com\/#\/schema\/logo\/image\/","url":"https:\/\/nutrispoint.com\/wp-content\/uploads\/2025\/06\/Nutrispoint_Horizontal-Logo-2025.svg","contentUrl":"https:\/\/nutrispoint.com\/wp-content\/uploads\/2025\/06\/Nutrispoint_Horizontal-Logo-2025.svg","width":400,"height":72,"caption":"Nutrispoint"},"image":{"@id":"https:\/\/nutrispoint.com\/#\/schema\/logo\/image\/"}}]}},"_links":{"self":[{"href":"https:\/\/nutrispoint.com\/index.php?rest_route=\/wp\/v2\/product\/43752","targetHints":{"allow":["GET"]}}],"collection":[{"href":"https:\/\/nutrispoint.com\/index.php?rest_route=\/wp\/v2\/product"}],"about":[{"href":"https:\/\/nutrispoint.com\/index.php?rest_route=\/wp\/v2\/types\/product"}],"replies":[{"embeddable":true,"href":"https:\/\/nutrispoint.com\/index.php?rest_route=%2Fwp%2Fv2%2Fcomments&post=43752"}],"version-history":[{"count":12,"href":"https:\/\/nutrispoint.com\/index.php?rest_route=\/wp\/v2\/product\/43752\/revisions"}],"predecessor-version":[{"id":46103,"href":"https:\/\/nutrispoint.com\/index.php?rest_route=\/wp\/v2\/product\/43752\/revisions\/46103"}],"wp:featuredmedia":[{"embeddable":true,"href":"https:\/\/nutrispoint.com\/index.php?rest_route=\/wp\/v2\/media\/44267"}],"wp:attachment":[{"href":"https:\/\/nutrispoint.com\/index.php?rest_route=%2Fwp%2Fv2%2Fmedia&parent=43752"}],"wp:term":[{"taxonomy":"product_brand","embeddable":true,"href":"https:\/\/nutrispoint.com\/index.php?rest_route=%2Fwp%2Fv2%2Fproduct_brand&post=43752"},{"taxonomy":"product_cat","embeddable":true,"href":"https:\/\/nutrispoint.com\/index.php?rest_route=%2Fwp%2Fv2%2Fproduct_cat&post=43752"},{"taxonomy":"product_tag","embeddable":true,"href":"https:\/\/nutrispoint.com\/index.php?rest_route=%2Fwp%2Fv2%2Fproduct_tag&post=43752"}],"curies":[{"name":"wp","href":"https:\/\/api.w.org\/{rel}","templated":true}]}}