{"id":43747,"date":"2026-02-03T14:31:40","date_gmt":"2026-02-03T13:31:40","guid":{"rendered":"https:\/\/nutrispoint.com\/?post_type=product&#038;p=43747"},"modified":"2026-03-19T15:18:06","modified_gmt":"2026-03-19T14:18:06","slug":"night-nest-sleep-prehransko-dopolnilo","status":"publish","type":"product","link":"https:\/\/nutrispoint.com\/?izdelek=night-nest-sleep-prehransko-dopolnilo","title":{"rendered":"Night Nest Sleep | Prehransko dopolnilo"},"content":{"rendered":"<div style=\"font-family: Arial, sans-serif; line-height: 1.6; color: #333; text-align: left;\">\n<p>Sleep kapsule | Prehransko dopolnilo<\/p>\n<p>Night Nest kapsule zdru\u017eujejo L-triptofan, \u017eafranov izvle\u010dek in nizek odmerek melatonina. Melatonin je naravno prisoten v telesu in se obi\u010dajno pojavi v ve\u010dernem \u010dasu, zato so kapsule namenjene uporabi pred po\u010ditkom. Primeren za vse, ki \u017eelijo svojo ve\u010derno rutino obogatiti z izbranimi sestavinami.<\/p>\n<p><strong>Nutrispoint Night Nest Sleep kapsule<\/strong> so zasnovane za podporo ve\u010dernemu spro\u0161\u010danju in la\u017ejemu uspavanju. Vsebujejo melatonin, ki prispeva k skraj\u0161anju \u010dasa, ki ga potrebujete, da zaspite, ter magnezij, ki pomaga zmanj\u0161evati utrujenost, podpira delovanje \u017eiv\u010dnega sistema, ravnote\u017eje elektrolitov in spro\u0161\u010danje energije pri presnovi.<\/p>\n<p>Z dodanim izvle\u010dkom \u017eafrana kapsule nudijo tudi podporo \u010dustvenemu ravnovesju. Preprosta kombinacija naravnih sestavin je primerna za tiste, ki \u017eelijo podpreti svoj ve\u010derni ritem in se pripraviti na kakovosten spanec.<\/p>\n<ul>\n<li><strong>Melatonin:<\/strong><\/li>\n<\/ul>\n<p>&#8211; na naraven na\u010din prispeva k skraj\u0161anju \u010dasa, ki ga potrebujete, da zaspite.<\/p>\n<p>&#8211; podpora hitrej\u0161emu uspavanju in ubla\u017eitev subjektivnega ob\u010dutka zaradi \u010dasovne razlike (jet lag)<\/p>\n<ul>\n<li><strong>\u017dafran:<\/strong> podpira \u010dustveno ravnovesje in dobro razpolo\u017eenje<\/li>\n<li><strong>L-Triptofan<\/strong><\/li>\n<li><strong>Magnezij prispeva k:<\/strong>\n<ul class=\"NP-list-style\" style=\"padding-left: 20px; margin-top: 4px; margin-bottom: 12px;\">\n<li>zmanj\u0161evanju utrujenosti in iz\u010drpanosti;<\/li>\n<li>ravnote\u017eju elektrolitov;<\/li>\n<li>spro\u0161\u010danju energije pri presnovi;<\/li>\n<li>delovanju \u017eiv\u010dnega sistema;<\/li>\n<li>delovanju mi\u0161ic;<\/li>\n<li>sintezi beljakovin;<\/li>\n<li>normalnemu psiholo\u0161kemu delovanju;<\/li>\n<li>ohranjanju zdravih kosti;<\/li>\n<li>ohranjanju zdravih zob;<\/li>\n<li>delitvi celic.<\/li>\n<\/ul>\n<\/li>\n<\/ul>\n<\/div>\n<div style=\"margin: 20px 20px; font-family: Arial, sans-serif; line-height: 1.6; color: #333; text-align: left;\"><\/div>\n<div style=\"font-family: sans-serif; color: #2b2b2b;\">\n<p><!-- Header --><\/p>\n<div style=\"display: flex; justify-content: space-between; align-items: flex-end; border-bottom: 2px solid #5F6F73; padding-bottom: 10px; margin-bottom: 14px;\">\n<div style=\"font-size: 20px; font-weight: 600; line-height: 1.2; color: #5f6f73;\">Recommended daily intake<br \/>\n<span style=\"font-size: 14px; font-weight: 400; color: #6f7f83;\"><br \/>\nPriporo\u010dena dnevna koli\u010dina<br \/>\n<\/span><\/div>\n<div style=\"text-align: right;\">\n<div style=\"font-size: 20px; font-weight: bold; color: #5f6f73;\">1 kapsula \/ 1 capsule<\/div>\n<\/div>\n<\/div>\n<p><!-- Rows --><\/p>\n<div style=\"display: flex; justify-content: space-between; padding: 10px 0; border-bottom: 1px solid #d9d9d9;\">\n<div>L-tryptophan<br \/>\n<span style=\"font-size: 13px; color: #6f7f83;\">L-triptofan<\/span><\/div>\n<div style=\"text-align: right;\">150 mg<\/div>\n<\/div>\n<div style=\"display: flex; justify-content: space-between; padding: 10px 0; border-bottom: 1px solid #d9d9d9;\">\n<div>Saffron extract<br \/>\n<span style=\"font-size: 13px; color: #6f7f83;\">Izvle\u010dek \u017eafrana<\/span><\/div>\n<div style=\"text-align: right;\">15 mg<\/div>\n<\/div>\n<div style=\"display: flex; justify-content: space-between; padding: 10px 0; border-bottom: 1px solid #d9d9d9;\">\n<div>Melatonin<br \/>\n<span style=\"font-size: 13px; color: #6f7f83;\">Melatonin<\/span><\/div>\n<div style=\"text-align: right;\">0,25 mg<\/div>\n<\/div>\n<div style=\"display: flex; justify-content: space-between; padding: 10px 0;\">\n<div>Magnesium<br \/>\n<span style=\"font-size: 13px; color: #6f7f83;\">Magnezij<\/span><\/div>\n<div style=\"text-align: right;\">43 mg (11,5% RDA \/ PDV*)<\/div>\n<\/div>\n<p><!-- Footnote --><\/p>\n<div style=\"margin-top: 10px; font-size: 12px; color: #6b6b6b;\">*RDA \u2013 Recommended dietary allowance \/ PDV \u2013 Priporo\u010den dnevni vnos<\/div>\n<\/div>\n","protected":false},"excerpt":{"rendered":"<ul>\n<li>Sleep kapsule<\/li>\n<li>60 kapsul<\/li>\n<li>L-triptofan &#8211; Aminokislina<\/li>\n<li>Izvle\u010dek \u017eafrana<\/li>\n<li>Melatonin prispeva k skraj\u0161anju \u010dasa, ki ga potrebujete da zaspite<\/li>\n<li>Zau\u017eijte malo pred spanjem.<\/li>\n<li>Magnezij<\/li>\n<li>Primeren za potovanje &#8211; JET LAG<\/li>\n<\/ul>\n<p>&nbsp;<\/p>\n<p><img decoding=\"async\" data-src=\"https:\/\/www.nutrispoint.com\/wp-content\/uploads\/2025\/12\/Sleep.svg\" width=\"20%\" src=\"data:image\/svg+xml;base64,PHN2ZyB3aWR0aD0iMSIgaGVpZ2h0PSIxIiB4bWxucz0iaHR0cDovL3d3dy53My5vcmcvMjAwMC9zdmciPjwvc3ZnPg==\" class=\"lazyload\" \/>\u00a0 \u00a0 \u00a0<img decoding=\"async\" data-src=\"https:\/\/www.nutrispoint.com\/wp-content\/uploads\/2025\/12\/Jet-Sleep.svg\" width=\"20%\" src=\"data:image\/svg+xml;base64,PHN2ZyB3aWR0aD0iMSIgaGVpZ2h0PSIxIiB4bWxucz0iaHR0cDovL3d3dy53My5vcmcvMjAwMC9zdmciPjwvc3ZnPg==\" class=\"lazyload\" \/>\u00a0 \u00a0 \u00a0<img decoding=\"async\" data-src=\"https:\/\/www.nutrispoint.com\/wp-content\/uploads\/2025\/12\/Recycle.svg\" width=\"20%\" src=\"data:image\/svg+xml;base64,PHN2ZyB3aWR0aD0iMSIgaGVpZ2h0PSIxIiB4bWxucz0iaHR0cDovL3d3dy53My5vcmcvMjAwMC9zdmciPjwvc3ZnPg==\" class=\"lazyload\" \/><\/p>\n<p><img decoding=\"async\" class=\"alignnone size-thumbnail wp-image-45648 lazyload\" role=\"img\" data-src=\"https:\/\/nutrispoint.com\/wp-content\/uploads\/2026\/02\/20.svg\" alt=\"\" width=\"20%\" src=\"data:image\/svg+xml;base64,PHN2ZyB3aWR0aD0iMSIgaGVpZ2h0PSIxIiB4bWxucz0iaHR0cDovL3d3dy53My5vcmcvMjAwMC9zdmciPjwvc3ZnPg==\" \/><\/p>\n","protected":false},"featured_media":44316,"comment_status":"open","ping_status":"closed","template":"","meta":[],"product_brand":[],"product_cat":[467],"product_tag":[],"class_list":{"0":"post-43747","1":"product","2":"type-product","3":"status-publish","4":"has-post-thumbnail","6":"product_cat-health-beauty-2","8":"first","9":"instock","10":"taxable","11":"shipping-taxable","12":"purchasable","13":"product-type-simple"},"yoast_head":"<!-- This site is optimized with the Yoast SEO plugin v27.5 - https:\/\/yoast.com\/product\/yoast-seo-wordpress\/ -->\n<title>Night Nest Sleep | Prehransko dopolnilo - Nutrispoint<\/title>\n<meta name=\"robots\" content=\"index, follow, max-snippet:-1, max-image-preview:large, max-video-preview:-1\" \/>\n<link rel=\"canonical\" href=\"https:\/\/nutrispoint.com\/?izdelek=night-nest-sleep-prehransko-dopolnilo\" \/>\n<meta name=\"twitter:label1\" content=\"Est. reading time\" \/>\n\t<meta name=\"twitter:data1\" content=\"2 minuti\" \/>\n<script type=\"application\/ld+json\" class=\"yoast-schema-graph\">{\"@context\":\"https:\\\/\\\/schema.org\",\"@graph\":[{\"@type\":\"WebPage\",\"@id\":\"https:\\\/\\\/nutrispoint.com\\\/?izdelek=night-nest-sleep-prehransko-dopolnilo\",\"url\":\"https:\\\/\\\/nutrispoint.com\\\/?izdelek=night-nest-sleep-prehransko-dopolnilo\",\"name\":\"Night Nest Sleep | Prehransko dopolnilo - Nutrispoint\",\"isPartOf\":{\"@id\":\"https:\\\/\\\/nutrispoint.com\\\/#website\"},\"primaryImageOfPage\":{\"@id\":\"https:\\\/\\\/nutrispoint.com\\\/?izdelek=night-nest-sleep-prehransko-dopolnilo#primaryimage\"},\"image\":{\"@id\":\"https:\\\/\\\/nutrispoint.com\\\/?izdelek=night-nest-sleep-prehransko-dopolnilo#primaryimage\"},\"thumbnailUrl\":\"https:\\\/\\\/nutrispoint.com\\\/wp-content\\\/uploads\\\/2026\\\/02\\\/Nutrispoint_HB_SLeep.jpg\",\"datePublished\":\"2026-02-03T13:31:40+00:00\",\"dateModified\":\"2026-03-19T14:18:06+00:00\",\"breadcrumb\":{\"@id\":\"https:\\\/\\\/nutrispoint.com\\\/?izdelek=night-nest-sleep-prehransko-dopolnilo#breadcrumb\"},\"inLanguage\":\"sl-SI\",\"potentialAction\":[{\"@type\":\"ReadAction\",\"target\":[\"https:\\\/\\\/nutrispoint.com\\\/?izdelek=night-nest-sleep-prehransko-dopolnilo\"]}]},{\"@type\":\"ImageObject\",\"inLanguage\":\"sl-SI\",\"@id\":\"https:\\\/\\\/nutrispoint.com\\\/?izdelek=night-nest-sleep-prehransko-dopolnilo#primaryimage\",\"url\":\"https:\\\/\\\/nutrispoint.com\\\/wp-content\\\/uploads\\\/2026\\\/02\\\/Nutrispoint_HB_SLeep.jpg\",\"contentUrl\":\"https:\\\/\\\/nutrispoint.com\\\/wp-content\\\/uploads\\\/2026\\\/02\\\/Nutrispoint_HB_SLeep.jpg\",\"width\":1000,\"height\":1000},{\"@type\":\"BreadcrumbList\",\"@id\":\"https:\\\/\\\/nutrispoint.com\\\/?izdelek=night-nest-sleep-prehransko-dopolnilo#breadcrumb\",\"itemListElement\":[{\"@type\":\"ListItem\",\"position\":1,\"name\":\"Home\",\"item\":\"https:\\\/\\\/nutrispoint.com\\\/\"},{\"@type\":\"ListItem\",\"position\":2,\"name\":\"Trgovina\",\"item\":\"https:\\\/\\\/nutrispoint.com?page_id=6691\"},{\"@type\":\"ListItem\",\"position\":3,\"name\":\"Night Nest Sleep | Prehransko dopolnilo\"}]},{\"@type\":\"WebSite\",\"@id\":\"https:\\\/\\\/nutrispoint.com\\\/#website\",\"url\":\"https:\\\/\\\/nutrispoint.com\\\/\",\"name\":\"Nutrispoint\",\"description\":\"Honest nutrition\",\"publisher\":{\"@id\":\"https:\\\/\\\/nutrispoint.com\\\/#organization\"},\"potentialAction\":[{\"@type\":\"SearchAction\",\"target\":{\"@type\":\"EntryPoint\",\"urlTemplate\":\"https:\\\/\\\/nutrispoint.com\\\/?s={search_term_string}\"},\"query-input\":{\"@type\":\"PropertyValueSpecification\",\"valueRequired\":true,\"valueName\":\"search_term_string\"}}],\"inLanguage\":\"sl-SI\"},{\"@type\":\"Organization\",\"@id\":\"https:\\\/\\\/nutrispoint.com\\\/#organization\",\"name\":\"Nutrispoint\",\"url\":\"https:\\\/\\\/nutrispoint.com\\\/\",\"logo\":{\"@type\":\"ImageObject\",\"inLanguage\":\"sl-SI\",\"@id\":\"https:\\\/\\\/nutrispoint.com\\\/#\\\/schema\\\/logo\\\/image\\\/\",\"url\":\"https:\\\/\\\/nutrispoint.com\\\/wp-content\\\/uploads\\\/2025\\\/06\\\/Nutrispoint_Horizontal-Logo-2025.svg\",\"contentUrl\":\"https:\\\/\\\/nutrispoint.com\\\/wp-content\\\/uploads\\\/2025\\\/06\\\/Nutrispoint_Horizontal-Logo-2025.svg\",\"width\":400,\"height\":72,\"caption\":\"Nutrispoint\"},\"image\":{\"@id\":\"https:\\\/\\\/nutrispoint.com\\\/#\\\/schema\\\/logo\\\/image\\\/\"}}]}<\/script>\n<!-- \/ Yoast SEO plugin. -->","yoast_head_json":{"title":"Night Nest Sleep | Prehransko dopolnilo - Nutrispoint","robots":{"index":"index","follow":"follow","max-snippet":"max-snippet:-1","max-image-preview":"max-image-preview:large","max-video-preview":"max-video-preview:-1"},"canonical":"https:\/\/nutrispoint.com\/?izdelek=night-nest-sleep-prehransko-dopolnilo","twitter_misc":{"Est. reading time":"2 minuti"},"schema":{"@context":"https:\/\/schema.org","@graph":[{"@type":"WebPage","@id":"https:\/\/nutrispoint.com\/?izdelek=night-nest-sleep-prehransko-dopolnilo","url":"https:\/\/nutrispoint.com\/?izdelek=night-nest-sleep-prehransko-dopolnilo","name":"Night Nest Sleep | Prehransko dopolnilo - Nutrispoint","isPartOf":{"@id":"https:\/\/nutrispoint.com\/#website"},"primaryImageOfPage":{"@id":"https:\/\/nutrispoint.com\/?izdelek=night-nest-sleep-prehransko-dopolnilo#primaryimage"},"image":{"@id":"https:\/\/nutrispoint.com\/?izdelek=night-nest-sleep-prehransko-dopolnilo#primaryimage"},"thumbnailUrl":"https:\/\/nutrispoint.com\/wp-content\/uploads\/2026\/02\/Nutrispoint_HB_SLeep.jpg","datePublished":"2026-02-03T13:31:40+00:00","dateModified":"2026-03-19T14:18:06+00:00","breadcrumb":{"@id":"https:\/\/nutrispoint.com\/?izdelek=night-nest-sleep-prehransko-dopolnilo#breadcrumb"},"inLanguage":"sl-SI","potentialAction":[{"@type":"ReadAction","target":["https:\/\/nutrispoint.com\/?izdelek=night-nest-sleep-prehransko-dopolnilo"]}]},{"@type":"ImageObject","inLanguage":"sl-SI","@id":"https:\/\/nutrispoint.com\/?izdelek=night-nest-sleep-prehransko-dopolnilo#primaryimage","url":"https:\/\/nutrispoint.com\/wp-content\/uploads\/2026\/02\/Nutrispoint_HB_SLeep.jpg","contentUrl":"https:\/\/nutrispoint.com\/wp-content\/uploads\/2026\/02\/Nutrispoint_HB_SLeep.jpg","width":1000,"height":1000},{"@type":"BreadcrumbList","@id":"https:\/\/nutrispoint.com\/?izdelek=night-nest-sleep-prehransko-dopolnilo#breadcrumb","itemListElement":[{"@type":"ListItem","position":1,"name":"Home","item":"https:\/\/nutrispoint.com\/"},{"@type":"ListItem","position":2,"name":"Trgovina","item":"https:\/\/nutrispoint.com?page_id=6691"},{"@type":"ListItem","position":3,"name":"Night Nest Sleep | Prehransko dopolnilo"}]},{"@type":"WebSite","@id":"https:\/\/nutrispoint.com\/#website","url":"https:\/\/nutrispoint.com\/","name":"Nutrispoint","description":"Honest nutrition","publisher":{"@id":"https:\/\/nutrispoint.com\/#organization"},"potentialAction":[{"@type":"SearchAction","target":{"@type":"EntryPoint","urlTemplate":"https:\/\/nutrispoint.com\/?s={search_term_string}"},"query-input":{"@type":"PropertyValueSpecification","valueRequired":true,"valueName":"search_term_string"}}],"inLanguage":"sl-SI"},{"@type":"Organization","@id":"https:\/\/nutrispoint.com\/#organization","name":"Nutrispoint","url":"https:\/\/nutrispoint.com\/","logo":{"@type":"ImageObject","inLanguage":"sl-SI","@id":"https:\/\/nutrispoint.com\/#\/schema\/logo\/image\/","url":"https:\/\/nutrispoint.com\/wp-content\/uploads\/2025\/06\/Nutrispoint_Horizontal-Logo-2025.svg","contentUrl":"https:\/\/nutrispoint.com\/wp-content\/uploads\/2025\/06\/Nutrispoint_Horizontal-Logo-2025.svg","width":400,"height":72,"caption":"Nutrispoint"},"image":{"@id":"https:\/\/nutrispoint.com\/#\/schema\/logo\/image\/"}}]}},"_links":{"self":[{"href":"https:\/\/nutrispoint.com\/index.php?rest_route=\/wp\/v2\/product\/43747","targetHints":{"allow":["GET"]}}],"collection":[{"href":"https:\/\/nutrispoint.com\/index.php?rest_route=\/wp\/v2\/product"}],"about":[{"href":"https:\/\/nutrispoint.com\/index.php?rest_route=\/wp\/v2\/types\/product"}],"replies":[{"embeddable":true,"href":"https:\/\/nutrispoint.com\/index.php?rest_route=%2Fwp%2Fv2%2Fcomments&post=43747"}],"version-history":[{"count":12,"href":"https:\/\/nutrispoint.com\/index.php?rest_route=\/wp\/v2\/product\/43747\/revisions"}],"predecessor-version":[{"id":46158,"href":"https:\/\/nutrispoint.com\/index.php?rest_route=\/wp\/v2\/product\/43747\/revisions\/46158"}],"wp:featuredmedia":[{"embeddable":true,"href":"https:\/\/nutrispoint.com\/index.php?rest_route=\/wp\/v2\/media\/44316"}],"wp:attachment":[{"href":"https:\/\/nutrispoint.com\/index.php?rest_route=%2Fwp%2Fv2%2Fmedia&parent=43747"}],"wp:term":[{"taxonomy":"product_brand","embeddable":true,"href":"https:\/\/nutrispoint.com\/index.php?rest_route=%2Fwp%2Fv2%2Fproduct_brand&post=43747"},{"taxonomy":"product_cat","embeddable":true,"href":"https:\/\/nutrispoint.com\/index.php?rest_route=%2Fwp%2Fv2%2Fproduct_cat&post=43747"},{"taxonomy":"product_tag","embeddable":true,"href":"https:\/\/nutrispoint.com\/index.php?rest_route=%2Fwp%2Fv2%2Fproduct_tag&post=43747"}],"curies":[{"name":"wp","href":"https:\/\/api.w.org\/{rel}","templated":true}]}}