{"id":29639,"date":"2022-08-16T15:22:57","date_gmt":"2022-08-16T13:22:57","guid":{"rendered":"https:\/\/nutrispoint.com\/?post_type=product&#038;p=29639"},"modified":"2023-10-19T14:46:01","modified_gmt":"2023-10-19T12:46:01","slug":"organic-mushroom-cocoa-blend-sachet","status":"publish","type":"product","link":"https:\/\/nutrispoint.com\/?izdelek=organic-mushroom-cocoa-blend-sachet","title":{"rendered":"Organic Mushroom Cocoa Blend v sa\u0161ejih"},"content":{"rendered":"<div>\n<div style=\"max-width: 700px;\">\n<p>Ekolo\u0161ki <strong>kakav<\/strong> z gobami je <strong>me\u0161anica \u017eivil,<\/strong> ki skrbijo za <strong>ravnovesje. <\/strong><\/p>\n<h3><strong>\u010caga<\/strong><\/h3>\n<div>\n<p>Goba \u010daga (inonotus obliquus) raste na po\u0161kodovanih delih \u017eivih dreves, kot so <strong>breza, bukev in jel\u0161a<\/strong>, ter zori od tri do pet let. Najvi\u0161jo vrednost imajo tiste, ki zorijo pri <strong>ekstremno nizkih temperaturah<\/strong> (-40 %, tj. v Sibiriji).<\/p>\n<p>\u010caga je parazitska goba in drevesu, na katerem raste, izsrkava njegove hranilne snovi. \u010ce jo odstranimo, vedno zraste nova, dokler drevo ni popolnoma izr\u010dpano.<\/p>\n<p>Na\u0161a me\u0161anica za kakav vsebuje ekolo\u0161ko pridelano gobo \u010dago <strong>visoke kakovosti<\/strong>.<\/p>\n<\/div>\n<div>\n<h3><strong>Rei\u0161i<\/strong><\/h3>\n<div>\n<p>Goba rei\u0161i (svetlikava polo\u0161\u010denka ali ganoderma lucidum) pripomore k <strong>naravni imunolo\u0161ki obrambi in ohranjanju delovanja zdravega krvo\u017eilnega sistema<\/strong>. Rei\u0161i raste na drevesih, tudi pri nas v Sloveniji \u2013 predvsem v hrastovih gozdovih. <strong><br \/>\n<\/strong><\/p>\n<\/div>\n<p>Zaradi njene lesnate zgradbe se najpogosteje pripravlja kot \u010daj ali tinktura.<\/p>\n<\/div>\n<div>\n<h3><strong>Lucuma<\/strong><\/h3>\n<p>Lucuma je sade\u017e sladkastega okusa, ki je v na\u0161i me\u0161anici posu\u0161en in zmlet v prah.<\/p>\n<\/div>\n<\/div>\n<h3><strong>Kakav<\/strong><\/h3>\n<p>Pravi kakav v me\u0161anici prispeva aromo in poln okus.<\/p>\n<\/div>\n","protected":false},"excerpt":{"rendered":"<p><img decoding=\"async\" class=\"alignnone size-full wp-image-9169 lazyload\" data-src=\"https:\/\/nutrispoint.com\/wp-content\/uploads\/2023\/01\/14-sachet-1.svg\" alt=\"\" width=\"90\" src=\"data:image\/svg+xml;base64,PHN2ZyB3aWR0aD0iMSIgaGVpZ2h0PSIxIiB4bWxucz0iaHR0cDovL3d3dy53My5vcmcvMjAwMC9zdmciPjwvc3ZnPg==\" \/><\/p>\n<ul class=\"NP-list-style\">\n<li>Okusen kakav obogaten z gobami<\/li>\n<li>Vsebuje izvle\u010deka gob Chaga in Reishi<\/li>\n<li>Iz ekolo\u0161ke predelave<\/li>\n<li>Vegansko<\/li>\n<li>Priro\u010dno porcijsko pakiranje<\/li>\n<\/ul>\n<p>&nbsp;<\/p>\n<p><img decoding=\"async\" data-src=\"https:\/\/nutrispoint.com\/wp-content\/uploads\/2021\/09\/ICON_Eko.svg\" width=\"16%\" src=\"data:image\/svg+xml;base64,PHN2ZyB3aWR0aD0iMSIgaGVpZ2h0PSIxIiB4bWxucz0iaHR0cDovL3d3dy53My5vcmcvMjAwMC9zdmciPjwvc3ZnPg==\" class=\"lazyload\" \/>\u00a0<img decoding=\"async\" data-src=\"https:\/\/nutrispoint.com\/wp-content\/uploads\/2021\/09\/ICON_brez-aditivov.svg\" width=\"16%\" src=\"data:image\/svg+xml;base64,PHN2ZyB3aWR0aD0iMSIgaGVpZ2h0PSIxIiB4bWxucz0iaHR0cDovL3d3dy53My5vcmcvMjAwMC9zdmciPjwvc3ZnPg==\" class=\"lazyload\" \/> <img decoding=\"async\" data-src=\"https:\/\/nutrispoint.com\/wp-content\/uploads\/2021\/09\/ICON_Adaptogen.svg\" width=\"16%\" src=\"data:image\/svg+xml;base64,PHN2ZyB3aWR0aD0iMSIgaGVpZ2h0PSIxIiB4bWxucz0iaHR0cDovL3d3dy53My5vcmcvMjAwMC9zdmciPjwvc3ZnPg==\" class=\"lazyload\" \/> <img decoding=\"async\" data-src=\"https:\/\/nutrispoint.com\/wp-content\/uploads\/2021\/09\/ICON_Vegansko.svg\" width=\"16%\" src=\"data:image\/svg+xml;base64,PHN2ZyB3aWR0aD0iMSIgaGVpZ2h0PSIxIiB4bWxucz0iaHR0cDovL3d3dy53My5vcmcvMjAwMC9zdmciPjwvc3ZnPg==\" class=\"lazyload\" \/><\/p>\n","protected":false},"featured_media":30868,"comment_status":"open","ping_status":"closed","template":"","meta":[],"product_brand":[],"product_cat":[471,467],"product_tag":[],"class_list":{"0":"post-29639","1":"product","2":"type-product","3":"status-publish","4":"has-post-thumbnail","6":"product_cat-praznimo-skladisce","7":"product_cat-health-beauty-2","8":"product_shipping_class-free_shipping-sl","10":"first","11":"outofstock","12":"taxable","13":"shipping-taxable","14":"purchasable","15":"product-type-simple"},"yoast_head":"<!-- This site is optimized with the Yoast SEO plugin v27.4 - https:\/\/yoast.com\/product\/yoast-seo-wordpress\/ -->\n<title>Organic Mushroom Cocoa Blend v sa\u0161ejih - Nutrispoint<\/title>\n<meta name=\"description\" content=\"BIO kakav z dodatkom medicinskih gob je me\u0161anica ekolo\u0161ko pridelanih \u017eivil, ki skrbijo za ravnovesje in so mo\u010dan antioksidant.\" \/>\n<meta name=\"robots\" content=\"index, follow, max-snippet:-1, max-image-preview:large, max-video-preview:-1\" \/>\n<link rel=\"canonical\" href=\"https:\/\/nutrispoint.com\/?izdelek=organic-mushroom-cocoa-blend-sachet\" \/>\n<meta name=\"twitter:label1\" content=\"Est. reading time\" \/>\n\t<meta name=\"twitter:data1\" content=\"1 minuta\" \/>\n<script type=\"application\/ld+json\" class=\"yoast-schema-graph\">{\"@context\":\"https:\\\/\\\/schema.org\",\"@graph\":[{\"@type\":\"WebPage\",\"@id\":\"https:\\\/\\\/nutrispoint.com\\\/?izdelek=organic-mushroom-cocoa-blend-sachet\",\"url\":\"https:\\\/\\\/nutrispoint.com\\\/?izdelek=organic-mushroom-cocoa-blend-sachet\",\"name\":\"Organic Mushroom Cocoa Blend v sa\u0161ejih - Nutrispoint\",\"isPartOf\":{\"@id\":\"https:\\\/\\\/nutrispoint.com\\\/#website\"},\"primaryImageOfPage\":{\"@id\":\"https:\\\/\\\/nutrispoint.com\\\/?izdelek=organic-mushroom-cocoa-blend-sachet#primaryimage\"},\"image\":{\"@id\":\"https:\\\/\\\/nutrispoint.com\\\/?izdelek=organic-mushroom-cocoa-blend-sachet#primaryimage\"},\"thumbnailUrl\":\"https:\\\/\\\/nutrispoint.com\\\/wp-content\\\/uploads\\\/2022\\\/08\\\/Nutrispoint-M-Cocoa_1a-scaled.jpg\",\"datePublished\":\"2022-08-16T13:22:57+00:00\",\"dateModified\":\"2023-10-19T12:46:01+00:00\",\"description\":\"BIO kakav z dodatkom medicinskih gob je me\u0161anica ekolo\u0161ko pridelanih \u017eivil, ki skrbijo za ravnovesje in so mo\u010dan antioksidant.\",\"breadcrumb\":{\"@id\":\"https:\\\/\\\/nutrispoint.com\\\/?izdelek=organic-mushroom-cocoa-blend-sachet#breadcrumb\"},\"inLanguage\":\"sl-SI\",\"potentialAction\":[{\"@type\":\"ReadAction\",\"target\":[\"https:\\\/\\\/nutrispoint.com\\\/?izdelek=organic-mushroom-cocoa-blend-sachet\"]}]},{\"@type\":\"ImageObject\",\"inLanguage\":\"sl-SI\",\"@id\":\"https:\\\/\\\/nutrispoint.com\\\/?izdelek=organic-mushroom-cocoa-blend-sachet#primaryimage\",\"url\":\"https:\\\/\\\/nutrispoint.com\\\/wp-content\\\/uploads\\\/2022\\\/08\\\/Nutrispoint-M-Cocoa_1a-scaled.jpg\",\"contentUrl\":\"https:\\\/\\\/nutrispoint.com\\\/wp-content\\\/uploads\\\/2022\\\/08\\\/Nutrispoint-M-Cocoa_1a-scaled.jpg\",\"width\":2560,\"height\":2560},{\"@type\":\"BreadcrumbList\",\"@id\":\"https:\\\/\\\/nutrispoint.com\\\/?izdelek=organic-mushroom-cocoa-blend-sachet#breadcrumb\",\"itemListElement\":[{\"@type\":\"ListItem\",\"position\":1,\"name\":\"Home\",\"item\":\"https:\\\/\\\/nutrispoint.com\\\/\"},{\"@type\":\"ListItem\",\"position\":2,\"name\":\"Trgovina\",\"item\":\"https:\\\/\\\/nutrispoint.com?page_id=6691\"},{\"@type\":\"ListItem\",\"position\":3,\"name\":\"Organic Mushroom Cocoa Blend v sa\u0161ejih\"}]},{\"@type\":\"WebSite\",\"@id\":\"https:\\\/\\\/nutrispoint.com\\\/#website\",\"url\":\"https:\\\/\\\/nutrispoint.com\\\/\",\"name\":\"Nutrispoint\",\"description\":\"Honest nutrition\",\"publisher\":{\"@id\":\"https:\\\/\\\/nutrispoint.com\\\/#organization\"},\"potentialAction\":[{\"@type\":\"SearchAction\",\"target\":{\"@type\":\"EntryPoint\",\"urlTemplate\":\"https:\\\/\\\/nutrispoint.com\\\/?s={search_term_string}\"},\"query-input\":{\"@type\":\"PropertyValueSpecification\",\"valueRequired\":true,\"valueName\":\"search_term_string\"}}],\"inLanguage\":\"sl-SI\"},{\"@type\":\"Organization\",\"@id\":\"https:\\\/\\\/nutrispoint.com\\\/#organization\",\"name\":\"Nutrispoint\",\"url\":\"https:\\\/\\\/nutrispoint.com\\\/\",\"logo\":{\"@type\":\"ImageObject\",\"inLanguage\":\"sl-SI\",\"@id\":\"https:\\\/\\\/nutrispoint.com\\\/#\\\/schema\\\/logo\\\/image\\\/\",\"url\":\"https:\\\/\\\/nutrispoint.com\\\/wp-content\\\/uploads\\\/2025\\\/06\\\/Nutrispoint_Horizontal-Logo-2025.svg\",\"contentUrl\":\"https:\\\/\\\/nutrispoint.com\\\/wp-content\\\/uploads\\\/2025\\\/06\\\/Nutrispoint_Horizontal-Logo-2025.svg\",\"width\":400,\"height\":72,\"caption\":\"Nutrispoint\"},\"image\":{\"@id\":\"https:\\\/\\\/nutrispoint.com\\\/#\\\/schema\\\/logo\\\/image\\\/\"}}]}<\/script>\n<!-- \/ Yoast SEO plugin. -->","yoast_head_json":{"title":"Organic Mushroom Cocoa Blend v sa\u0161ejih - Nutrispoint","description":"BIO kakav z dodatkom medicinskih gob je me\u0161anica ekolo\u0161ko pridelanih \u017eivil, ki skrbijo za ravnovesje in so mo\u010dan antioksidant.","robots":{"index":"index","follow":"follow","max-snippet":"max-snippet:-1","max-image-preview":"max-image-preview:large","max-video-preview":"max-video-preview:-1"},"canonical":"https:\/\/nutrispoint.com\/?izdelek=organic-mushroom-cocoa-blend-sachet","twitter_misc":{"Est. reading time":"1 minuta"},"schema":{"@context":"https:\/\/schema.org","@graph":[{"@type":"WebPage","@id":"https:\/\/nutrispoint.com\/?izdelek=organic-mushroom-cocoa-blend-sachet","url":"https:\/\/nutrispoint.com\/?izdelek=organic-mushroom-cocoa-blend-sachet","name":"Organic Mushroom Cocoa Blend v sa\u0161ejih - Nutrispoint","isPartOf":{"@id":"https:\/\/nutrispoint.com\/#website"},"primaryImageOfPage":{"@id":"https:\/\/nutrispoint.com\/?izdelek=organic-mushroom-cocoa-blend-sachet#primaryimage"},"image":{"@id":"https:\/\/nutrispoint.com\/?izdelek=organic-mushroom-cocoa-blend-sachet#primaryimage"},"thumbnailUrl":"https:\/\/nutrispoint.com\/wp-content\/uploads\/2022\/08\/Nutrispoint-M-Cocoa_1a-scaled.jpg","datePublished":"2022-08-16T13:22:57+00:00","dateModified":"2023-10-19T12:46:01+00:00","description":"BIO kakav z dodatkom medicinskih gob je me\u0161anica ekolo\u0161ko pridelanih \u017eivil, ki skrbijo za ravnovesje in so mo\u010dan antioksidant.","breadcrumb":{"@id":"https:\/\/nutrispoint.com\/?izdelek=organic-mushroom-cocoa-blend-sachet#breadcrumb"},"inLanguage":"sl-SI","potentialAction":[{"@type":"ReadAction","target":["https:\/\/nutrispoint.com\/?izdelek=organic-mushroom-cocoa-blend-sachet"]}]},{"@type":"ImageObject","inLanguage":"sl-SI","@id":"https:\/\/nutrispoint.com\/?izdelek=organic-mushroom-cocoa-blend-sachet#primaryimage","url":"https:\/\/nutrispoint.com\/wp-content\/uploads\/2022\/08\/Nutrispoint-M-Cocoa_1a-scaled.jpg","contentUrl":"https:\/\/nutrispoint.com\/wp-content\/uploads\/2022\/08\/Nutrispoint-M-Cocoa_1a-scaled.jpg","width":2560,"height":2560},{"@type":"BreadcrumbList","@id":"https:\/\/nutrispoint.com\/?izdelek=organic-mushroom-cocoa-blend-sachet#breadcrumb","itemListElement":[{"@type":"ListItem","position":1,"name":"Home","item":"https:\/\/nutrispoint.com\/"},{"@type":"ListItem","position":2,"name":"Trgovina","item":"https:\/\/nutrispoint.com?page_id=6691"},{"@type":"ListItem","position":3,"name":"Organic Mushroom Cocoa Blend v sa\u0161ejih"}]},{"@type":"WebSite","@id":"https:\/\/nutrispoint.com\/#website","url":"https:\/\/nutrispoint.com\/","name":"Nutrispoint","description":"Honest nutrition","publisher":{"@id":"https:\/\/nutrispoint.com\/#organization"},"potentialAction":[{"@type":"SearchAction","target":{"@type":"EntryPoint","urlTemplate":"https:\/\/nutrispoint.com\/?s={search_term_string}"},"query-input":{"@type":"PropertyValueSpecification","valueRequired":true,"valueName":"search_term_string"}}],"inLanguage":"sl-SI"},{"@type":"Organization","@id":"https:\/\/nutrispoint.com\/#organization","name":"Nutrispoint","url":"https:\/\/nutrispoint.com\/","logo":{"@type":"ImageObject","inLanguage":"sl-SI","@id":"https:\/\/nutrispoint.com\/#\/schema\/logo\/image\/","url":"https:\/\/nutrispoint.com\/wp-content\/uploads\/2025\/06\/Nutrispoint_Horizontal-Logo-2025.svg","contentUrl":"https:\/\/nutrispoint.com\/wp-content\/uploads\/2025\/06\/Nutrispoint_Horizontal-Logo-2025.svg","width":400,"height":72,"caption":"Nutrispoint"},"image":{"@id":"https:\/\/nutrispoint.com\/#\/schema\/logo\/image\/"}}]}},"_links":{"self":[{"href":"https:\/\/nutrispoint.com\/index.php?rest_route=\/wp\/v2\/product\/29639","targetHints":{"allow":["GET"]}}],"collection":[{"href":"https:\/\/nutrispoint.com\/index.php?rest_route=\/wp\/v2\/product"}],"about":[{"href":"https:\/\/nutrispoint.com\/index.php?rest_route=\/wp\/v2\/types\/product"}],"replies":[{"embeddable":true,"href":"https:\/\/nutrispoint.com\/index.php?rest_route=%2Fwp%2Fv2%2Fcomments&post=29639"}],"version-history":[{"count":1,"href":"https:\/\/nutrispoint.com\/index.php?rest_route=\/wp\/v2\/product\/29639\/revisions"}],"predecessor-version":[{"id":30677,"href":"https:\/\/nutrispoint.com\/index.php?rest_route=\/wp\/v2\/product\/29639\/revisions\/30677"}],"wp:featuredmedia":[{"embeddable":true,"href":"https:\/\/nutrispoint.com\/index.php?rest_route=\/wp\/v2\/media\/30868"}],"wp:attachment":[{"href":"https:\/\/nutrispoint.com\/index.php?rest_route=%2Fwp%2Fv2%2Fmedia&parent=29639"}],"wp:term":[{"taxonomy":"product_brand","embeddable":true,"href":"https:\/\/nutrispoint.com\/index.php?rest_route=%2Fwp%2Fv2%2Fproduct_brand&post=29639"},{"taxonomy":"product_cat","embeddable":true,"href":"https:\/\/nutrispoint.com\/index.php?rest_route=%2Fwp%2Fv2%2Fproduct_cat&post=29639"},{"taxonomy":"product_tag","embeddable":true,"href":"https:\/\/nutrispoint.com\/index.php?rest_route=%2Fwp%2Fv2%2Fproduct_tag&post=29639"}],"curies":[{"name":"wp","href":"https:\/\/api.w.org\/{rel}","templated":true}]}}