{"id":29600,"date":"2022-08-16T14:49:11","date_gmt":"2022-08-16T12:49:11","guid":{"rendered":"https:\/\/nutrispoint.com\/?post_type=product&#038;p=29600"},"modified":"2026-03-17T15:18:47","modified_gmt":"2026-03-17T14:18:47","slug":"sachet-premium-electrolyte-blend-move","status":"publish","type":"product","link":"https:\/\/nutrispoint.com\/?izdelek=sachet-premium-electrolyte-blend-move","title":{"rendered":"Premium Electrolyte Blend &#8211; okus Limona, 14 kos"},"content":{"rendered":"<p class=\"opisWidth\" style=\"text-align: justify;\">MOVE &#8211; <strong>Premium Electrolyte Blend &#8211; limonada z elektroliti v prahu &#8211; breeze sladkorja, sve\u017ei za \u0161port z zmagovalnim trisom limone, kokosove vode in naravnih mineralov <\/strong><br \/>\nElektrolitski napitek MOVE je neustavljivo mo\u010dan v boju proti telesni in psihi\u010dni utrujenosti ob pove\u010danih naporih, a hkrati ne\u017een, da si ga lahko brez bojazni privo\u0161\u010dite ob vsakokratni \u017eeji. Izbrana kombinacija ekolo\u0161ke limone, ekolo\u0161ke kokosove vode in naravnih Aquamin\u2122 mineralov vra\u010da potrebno elektrolitsko homeostazo v telesu za optimalno po\u010dutje in sve\u017eino, s katero navdihujete vse okoli sebe.<\/p>\n<p><strong>Najbolj\u0161a naravna izbira za popolno hidracijo telesa!<\/strong><\/p>\n<p>&nbsp;<\/p>\n<p>&nbsp;<\/p>\n<table style=\"max-width: 800px; width: 100%; border-collapse: collapse; font-family: sans-serif; border: 2px solid #000;\">\n<tbody>\n<tr>\n<th style=\"text-align: left; padding: 10px 12px;\">Hranilna vrednost<\/th>\n<th style=\"text-align: right; padding: 10px 12px;\">100 g<\/th>\n<th style=\"text-align: right; padding: 10px 12px;\">7 g (porcija)<\/th>\n<\/tr>\n<tr>\n<td style=\"padding: 6px 12px;\">Energijska vrednost<\/td>\n<td style=\"text-align: right; padding: 6px 12px;\">525 kJ \/ 197 kcal<\/td>\n<td style=\"text-align: right; padding: 6px 12px;\">58 kJ \/ 14 kcal (&lt;1 %)<\/td>\n<\/tr>\n<tr>\n<td style=\"padding: 6px 12px;\">Ma\u0161\u010dobe<\/td>\n<td style=\"text-align: right; padding: 6px 12px;\">0,15 g<\/td>\n<td style=\"text-align: right; padding: 6px 12px;\">0,01 g (0 %)<\/td>\n<\/tr>\n<tr>\n<td style=\"padding: 6px 12px;\">od tega nasi\u010dene ma\u0161\u010dobe<\/td>\n<td style=\"text-align: right; padding: 6px 12px;\">0 g<\/td>\n<td style=\"text-align: right; padding: 6px 12px;\">0 g (0 %)<\/td>\n<\/tr>\n<tr>\n<td style=\"padding: 6px 12px;\">Ogljikovi hidrati<\/td>\n<td style=\"text-align: right; padding: 6px 12px;\">47,9 g<\/td>\n<td style=\"text-align: right; padding: 6px 12px;\">3,4 g (1 %)<\/td>\n<\/tr>\n<tr>\n<td style=\"padding: 6px 12px;\">od tega sladkorji<\/td>\n<td style=\"text-align: right; padding: 6px 12px;\">2,4 g<\/td>\n<td style=\"text-align: right; padding: 6px 12px;\">0,17 g (&lt;1 %)<\/td>\n<\/tr>\n<tr>\n<td style=\"padding: 6px 12px;\">Prehranske vlaknine<\/td>\n<td style=\"text-align: right; padding: 6px 12px;\">0,2 g<\/td>\n<td style=\"text-align: right; padding: 6px 12px;\">0,02 g<\/td>\n<\/tr>\n<tr>\n<td style=\"padding: 6px 12px;\">Beljakovine<\/td>\n<td style=\"text-align: right; padding: 6px 12px;\">0,4 g<\/td>\n<td style=\"text-align: right; padding: 6px 12px;\">0,03 g (&lt;1 %)<\/td>\n<\/tr>\n<tr>\n<td style=\"padding: 6px 12px;\">Sol<\/td>\n<td style=\"text-align: right; padding: 6px 12px;\">2,35 g<\/td>\n<td style=\"text-align: right; padding: 6px 12px;\">0,16 g (3 %)<\/td>\n<\/tr>\n<tr>\n<td style=\"padding: 6px 12px;\">Natrij<\/td>\n<td style=\"text-align: right; padding: 6px 12px;\">940 mg<\/td>\n<td style=\"text-align: right; padding: 6px 12px;\">64 mg<\/td>\n<\/tr>\n<tr>\n<td style=\"padding: 6px 12px;\">Magnezij<\/td>\n<td style=\"text-align: right; padding: 6px 12px;\">1857 mg<\/td>\n<td style=\"text-align: right; padding: 6px 12px;\">130 mg (35 % PDV**)<\/td>\n<\/tr>\n<tr>\n<td style=\"padding: 6px 12px;\">Kalcij<\/td>\n<td style=\"text-align: right; padding: 6px 12px;\">1714 mg<\/td>\n<td style=\"text-align: right; padding: 6px 12px;\">120 mg (15 % PDV**)<\/td>\n<\/tr>\n<tr>\n<td style=\"padding: 6px 12px;\">Kalij<\/td>\n<td style=\"text-align: right; padding: 6px 12px;\">4286 mg<\/td>\n<td style=\"text-align: right; padding: 6px 12px;\">300 mg (15 % PDV**)<\/td>\n<\/tr>\n<\/tbody>\n<\/table>\n<p style=\"margin-top: 8px; font-size: 0.9em;\">*Priporo\u010deni vnosi za povpre\u010dno odraslo osebo (8400 kJ\/2000 kcal)<br \/>\n**PDV \u2013 Priporo\u010den dnevni vnos<\/p>\n","protected":false},"excerpt":{"rendered":"<p><img decoding=\"async\" class=\"alignnone size-full wp-image-9169 lazyload\" data-src=\"https:\/\/nutrispoint.com\/wp-content\/uploads\/2023\/01\/14-sachet-1.svg\" alt=\"\" width=\"90\" src=\"data:image\/svg+xml;base64,PHN2ZyB3aWR0aD0iMSIgaGVpZ2h0PSIxIiB4bWxucz0iaHR0cDovL3d3dy53My5vcmcvMjAwMC9zdmciPjwvc3ZnPg==\" \/><\/p>\n<ul class=\"NP-list-style\">\n<li>Neustavljivo mo\u010dan v boju proti telesni in psihi\u010dni utrujenosti ob pove\u010danih naporih<\/li>\n<li>52% Ekolo\u0161kih sestavin<\/li>\n<li>Vra\u010da potrebno elektrolitsko homeostazo v telesu za optimalno po\u010dutje in sve\u017eino<\/li>\n<li>Vsebuje naravno pridobljene minerale iz rde\u010dih alg Mg, Ca, Na in K &#8211; Aquamin\u2122<\/li>\n<li>Magnezij prispeva k zmanj\u0161evanju utrujenosti in iz\u010drpanosti, ravnote\u017eju elektrolitov, spro\u0161\u010danju energije pri presnovi in delovanju mi\u0161ic<\/li>\n<\/ul>\n<p>&nbsp;<\/p>\n<p>&nbsp;<\/p>\n<p><img decoding=\"async\" data-src=\"https:\/\/nutrispoint.com\/wp-content\/uploads\/2021\/09\/ICON_brez-aditivov.svg\" width=\"16%\" src=\"data:image\/svg+xml;base64,PHN2ZyB3aWR0aD0iMSIgaGVpZ2h0PSIxIiB4bWxucz0iaHR0cDovL3d3dy53My5vcmcvMjAwMC9zdmciPjwvc3ZnPg==\" class=\"lazyload\" \/> \u00a0<img decoding=\"async\" data-src=\"https:\/\/nutrispoint.com\/wp-content\/uploads\/2021\/09\/ICON_brez-soje.svg\" width=\"16%\" src=\"data:image\/svg+xml;base64,PHN2ZyB3aWR0aD0iMSIgaGVpZ2h0PSIxIiB4bWxucz0iaHR0cDovL3d3dy53My5vcmcvMjAwMC9zdmciPjwvc3ZnPg==\" class=\"lazyload\" \/>\u00a0<img decoding=\"async\" data-src=\"https:\/\/nutrispoint.com\/wp-content\/uploads\/2021\/09\/ICON_ISO.svg\" width=\"16%\" src=\"data:image\/svg+xml;base64,PHN2ZyB3aWR0aD0iMSIgaGVpZ2h0PSIxIiB4bWxucz0iaHR0cDovL3d3dy53My5vcmcvMjAwMC9zdmciPjwvc3ZnPg==\" class=\"lazyload\" \/>\u00a0<img decoding=\"async\" data-src=\"https:\/\/nutrispoint.com\/wp-content\/uploads\/2021\/09\/ICON_Izbrane.svg\" width=\"16%\" src=\"data:image\/svg+xml;base64,PHN2ZyB3aWR0aD0iMSIgaGVpZ2h0PSIxIiB4bWxucz0iaHR0cDovL3d3dy53My5vcmcvMjAwMC9zdmciPjwvc3ZnPg==\" class=\"lazyload\" \/> <img decoding=\"async\" data-src=\"https:\/\/nutrispoint.com\/wp-content\/uploads\/2021\/09\/ICON_Naravno.svg\" width=\"16%\" src=\"data:image\/svg+xml;base64,PHN2ZyB3aWR0aD0iMSIgaGVpZ2h0PSIxIiB4bWxucz0iaHR0cDovL3d3dy53My5vcmcvMjAwMC9zdmciPjwvc3ZnPg==\" class=\"lazyload\" \/><\/p>\n","protected":false},"featured_media":44377,"comment_status":"open","ping_status":"closed","template":"","meta":[],"product_brand":[],"product_cat":[466],"product_tag":[],"class_list":{"0":"post-29600","1":"product","2":"type-product","3":"status-publish","4":"has-post-thumbnail","6":"product_cat-sport-line","8":"first","9":"instock","10":"taxable","11":"shipping-taxable","12":"purchasable","13":"product-type-simple"},"yoast_head":"<!-- This site is optimized with the Yoast SEO plugin v27.4 - https:\/\/yoast.com\/product\/yoast-seo-wordpress\/ -->\n<title>Premium Electrolyte Blend - okus Limona, 14 kos - Nutrispoint<\/title>\n<meta name=\"description\" content=\"Limonada z elektroliti - kombinacija limone, kokosove vode in mineralov vra\u010da elektrolitsko homeostazo v telesu za optimalno po\u010dutje.\" \/>\n<meta name=\"robots\" content=\"index, follow, max-snippet:-1, max-image-preview:large, max-video-preview:-1\" \/>\n<link rel=\"canonical\" href=\"https:\/\/nutrispoint.com\/?izdelek=sachet-premium-electrolyte-blend-move\" \/>\n<meta name=\"twitter:label1\" content=\"Est. reading time\" \/>\n\t<meta name=\"twitter:data1\" content=\"2 minuti\" \/>\n<script type=\"application\/ld+json\" class=\"yoast-schema-graph\">{\"@context\":\"https:\\\/\\\/schema.org\",\"@graph\":[{\"@type\":\"WebPage\",\"@id\":\"https:\\\/\\\/nutrispoint.com\\\/?izdelek=sachet-premium-electrolyte-blend-move\",\"url\":\"https:\\\/\\\/nutrispoint.com\\\/?izdelek=sachet-premium-electrolyte-blend-move\",\"name\":\"Premium Electrolyte Blend - okus Limona, 14 kos - Nutrispoint\",\"isPartOf\":{\"@id\":\"https:\\\/\\\/nutrispoint.com\\\/#website\"},\"primaryImageOfPage\":{\"@id\":\"https:\\\/\\\/nutrispoint.com\\\/?izdelek=sachet-premium-electrolyte-blend-move#primaryimage\"},\"image\":{\"@id\":\"https:\\\/\\\/nutrispoint.com\\\/?izdelek=sachet-premium-electrolyte-blend-move#primaryimage\"},\"thumbnailUrl\":\"https:\\\/\\\/nutrispoint.com\\\/wp-content\\\/uploads\\\/2022\\\/08\\\/Nutrispoint_HB_Premiun-Electrolyte.jpg\",\"datePublished\":\"2022-08-16T12:49:11+00:00\",\"dateModified\":\"2026-03-17T14:18:47+00:00\",\"description\":\"Limonada z elektroliti - kombinacija limone, kokosove vode in mineralov vra\u010da elektrolitsko homeostazo v telesu za optimalno po\u010dutje.\",\"breadcrumb\":{\"@id\":\"https:\\\/\\\/nutrispoint.com\\\/?izdelek=sachet-premium-electrolyte-blend-move#breadcrumb\"},\"inLanguage\":\"sl-SI\",\"potentialAction\":[{\"@type\":\"ReadAction\",\"target\":[\"https:\\\/\\\/nutrispoint.com\\\/?izdelek=sachet-premium-electrolyte-blend-move\"]}]},{\"@type\":\"ImageObject\",\"inLanguage\":\"sl-SI\",\"@id\":\"https:\\\/\\\/nutrispoint.com\\\/?izdelek=sachet-premium-electrolyte-blend-move#primaryimage\",\"url\":\"https:\\\/\\\/nutrispoint.com\\\/wp-content\\\/uploads\\\/2022\\\/08\\\/Nutrispoint_HB_Premiun-Electrolyte.jpg\",\"contentUrl\":\"https:\\\/\\\/nutrispoint.com\\\/wp-content\\\/uploads\\\/2022\\\/08\\\/Nutrispoint_HB_Premiun-Electrolyte.jpg\",\"width\":1000,\"height\":1000},{\"@type\":\"BreadcrumbList\",\"@id\":\"https:\\\/\\\/nutrispoint.com\\\/?izdelek=sachet-premium-electrolyte-blend-move#breadcrumb\",\"itemListElement\":[{\"@type\":\"ListItem\",\"position\":1,\"name\":\"Home\",\"item\":\"https:\\\/\\\/nutrispoint.com\\\/\"},{\"@type\":\"ListItem\",\"position\":2,\"name\":\"Trgovina\",\"item\":\"https:\\\/\\\/nutrispoint.com?page_id=6691\"},{\"@type\":\"ListItem\",\"position\":3,\"name\":\"Premium Electrolyte Blend &#8211; okus Limona, 14 kos\"}]},{\"@type\":\"WebSite\",\"@id\":\"https:\\\/\\\/nutrispoint.com\\\/#website\",\"url\":\"https:\\\/\\\/nutrispoint.com\\\/\",\"name\":\"Nutrispoint\",\"description\":\"Honest nutrition\",\"publisher\":{\"@id\":\"https:\\\/\\\/nutrispoint.com\\\/#organization\"},\"potentialAction\":[{\"@type\":\"SearchAction\",\"target\":{\"@type\":\"EntryPoint\",\"urlTemplate\":\"https:\\\/\\\/nutrispoint.com\\\/?s={search_term_string}\"},\"query-input\":{\"@type\":\"PropertyValueSpecification\",\"valueRequired\":true,\"valueName\":\"search_term_string\"}}],\"inLanguage\":\"sl-SI\"},{\"@type\":\"Organization\",\"@id\":\"https:\\\/\\\/nutrispoint.com\\\/#organization\",\"name\":\"Nutrispoint\",\"url\":\"https:\\\/\\\/nutrispoint.com\\\/\",\"logo\":{\"@type\":\"ImageObject\",\"inLanguage\":\"sl-SI\",\"@id\":\"https:\\\/\\\/nutrispoint.com\\\/#\\\/schema\\\/logo\\\/image\\\/\",\"url\":\"https:\\\/\\\/nutrispoint.com\\\/wp-content\\\/uploads\\\/2025\\\/06\\\/Nutrispoint_Horizontal-Logo-2025.svg\",\"contentUrl\":\"https:\\\/\\\/nutrispoint.com\\\/wp-content\\\/uploads\\\/2025\\\/06\\\/Nutrispoint_Horizontal-Logo-2025.svg\",\"width\":400,\"height\":72,\"caption\":\"Nutrispoint\"},\"image\":{\"@id\":\"https:\\\/\\\/nutrispoint.com\\\/#\\\/schema\\\/logo\\\/image\\\/\"}}]}<\/script>\n<!-- \/ Yoast SEO plugin. -->","yoast_head_json":{"title":"Premium Electrolyte Blend - okus Limona, 14 kos - Nutrispoint","description":"Limonada z elektroliti - kombinacija limone, kokosove vode in mineralov vra\u010da elektrolitsko homeostazo v telesu za optimalno po\u010dutje.","robots":{"index":"index","follow":"follow","max-snippet":"max-snippet:-1","max-image-preview":"max-image-preview:large","max-video-preview":"max-video-preview:-1"},"canonical":"https:\/\/nutrispoint.com\/?izdelek=sachet-premium-electrolyte-blend-move","twitter_misc":{"Est. reading time":"2 minuti"},"schema":{"@context":"https:\/\/schema.org","@graph":[{"@type":"WebPage","@id":"https:\/\/nutrispoint.com\/?izdelek=sachet-premium-electrolyte-blend-move","url":"https:\/\/nutrispoint.com\/?izdelek=sachet-premium-electrolyte-blend-move","name":"Premium Electrolyte Blend - okus Limona, 14 kos - Nutrispoint","isPartOf":{"@id":"https:\/\/nutrispoint.com\/#website"},"primaryImageOfPage":{"@id":"https:\/\/nutrispoint.com\/?izdelek=sachet-premium-electrolyte-blend-move#primaryimage"},"image":{"@id":"https:\/\/nutrispoint.com\/?izdelek=sachet-premium-electrolyte-blend-move#primaryimage"},"thumbnailUrl":"https:\/\/nutrispoint.com\/wp-content\/uploads\/2022\/08\/Nutrispoint_HB_Premiun-Electrolyte.jpg","datePublished":"2022-08-16T12:49:11+00:00","dateModified":"2026-03-17T14:18:47+00:00","description":"Limonada z elektroliti - kombinacija limone, kokosove vode in mineralov vra\u010da elektrolitsko homeostazo v telesu za optimalno po\u010dutje.","breadcrumb":{"@id":"https:\/\/nutrispoint.com\/?izdelek=sachet-premium-electrolyte-blend-move#breadcrumb"},"inLanguage":"sl-SI","potentialAction":[{"@type":"ReadAction","target":["https:\/\/nutrispoint.com\/?izdelek=sachet-premium-electrolyte-blend-move"]}]},{"@type":"ImageObject","inLanguage":"sl-SI","@id":"https:\/\/nutrispoint.com\/?izdelek=sachet-premium-electrolyte-blend-move#primaryimage","url":"https:\/\/nutrispoint.com\/wp-content\/uploads\/2022\/08\/Nutrispoint_HB_Premiun-Electrolyte.jpg","contentUrl":"https:\/\/nutrispoint.com\/wp-content\/uploads\/2022\/08\/Nutrispoint_HB_Premiun-Electrolyte.jpg","width":1000,"height":1000},{"@type":"BreadcrumbList","@id":"https:\/\/nutrispoint.com\/?izdelek=sachet-premium-electrolyte-blend-move#breadcrumb","itemListElement":[{"@type":"ListItem","position":1,"name":"Home","item":"https:\/\/nutrispoint.com\/"},{"@type":"ListItem","position":2,"name":"Trgovina","item":"https:\/\/nutrispoint.com?page_id=6691"},{"@type":"ListItem","position":3,"name":"Premium Electrolyte Blend &#8211; okus Limona, 14 kos"}]},{"@type":"WebSite","@id":"https:\/\/nutrispoint.com\/#website","url":"https:\/\/nutrispoint.com\/","name":"Nutrispoint","description":"Honest nutrition","publisher":{"@id":"https:\/\/nutrispoint.com\/#organization"},"potentialAction":[{"@type":"SearchAction","target":{"@type":"EntryPoint","urlTemplate":"https:\/\/nutrispoint.com\/?s={search_term_string}"},"query-input":{"@type":"PropertyValueSpecification","valueRequired":true,"valueName":"search_term_string"}}],"inLanguage":"sl-SI"},{"@type":"Organization","@id":"https:\/\/nutrispoint.com\/#organization","name":"Nutrispoint","url":"https:\/\/nutrispoint.com\/","logo":{"@type":"ImageObject","inLanguage":"sl-SI","@id":"https:\/\/nutrispoint.com\/#\/schema\/logo\/image\/","url":"https:\/\/nutrispoint.com\/wp-content\/uploads\/2025\/06\/Nutrispoint_Horizontal-Logo-2025.svg","contentUrl":"https:\/\/nutrispoint.com\/wp-content\/uploads\/2025\/06\/Nutrispoint_Horizontal-Logo-2025.svg","width":400,"height":72,"caption":"Nutrispoint"},"image":{"@id":"https:\/\/nutrispoint.com\/#\/schema\/logo\/image\/"}}]}},"_links":{"self":[{"href":"https:\/\/nutrispoint.com\/index.php?rest_route=\/wp\/v2\/product\/29600","targetHints":{"allow":["GET"]}}],"collection":[{"href":"https:\/\/nutrispoint.com\/index.php?rest_route=\/wp\/v2\/product"}],"about":[{"href":"https:\/\/nutrispoint.com\/index.php?rest_route=\/wp\/v2\/types\/product"}],"replies":[{"embeddable":true,"href":"https:\/\/nutrispoint.com\/index.php?rest_route=%2Fwp%2Fv2%2Fcomments&post=29600"}],"version-history":[{"count":6,"href":"https:\/\/nutrispoint.com\/index.php?rest_route=\/wp\/v2\/product\/29600\/revisions"}],"predecessor-version":[{"id":46020,"href":"https:\/\/nutrispoint.com\/index.php?rest_route=\/wp\/v2\/product\/29600\/revisions\/46020"}],"wp:featuredmedia":[{"embeddable":true,"href":"https:\/\/nutrispoint.com\/index.php?rest_route=\/wp\/v2\/media\/44377"}],"wp:attachment":[{"href":"https:\/\/nutrispoint.com\/index.php?rest_route=%2Fwp%2Fv2%2Fmedia&parent=29600"}],"wp:term":[{"taxonomy":"product_brand","embeddable":true,"href":"https:\/\/nutrispoint.com\/index.php?rest_route=%2Fwp%2Fv2%2Fproduct_brand&post=29600"},{"taxonomy":"product_cat","embeddable":true,"href":"https:\/\/nutrispoint.com\/index.php?rest_route=%2Fwp%2Fv2%2Fproduct_cat&post=29600"},{"taxonomy":"product_tag","embeddable":true,"href":"https:\/\/nutrispoint.com\/index.php?rest_route=%2Fwp%2Fv2%2Fproduct_tag&post=29600"}],"curies":[{"name":"wp","href":"https:\/\/api.w.org\/{rel}","templated":true}]}}