{"id":23030,"date":"2021-07-26T15:26:43","date_gmt":"2021-07-26T13:26:43","guid":{"rendered":"https:\/\/nutrispoint.com\/?post_type=product&#038;p=23030"},"modified":"2026-03-17T13:42:23","modified_gmt":"2026-03-17T12:42:23","slug":"box-20-x-bio-energijska-ploscica-move-jabolko-in-cimet","status":"publish","type":"product","link":"https:\/\/nutrispoint.com\/?izdelek=box-20-x-bio-energijska-ploscica-move-jabolko-in-cimet","title":{"rendered":"BOX &#8211; 20 x Organic Energy Bar MOVE &#8211; Apple &#038; Cinnamon"},"content":{"rendered":"<p class=\"opisWidth\"><strong>Mali zakladi za velike \u0161portne zgodbe.<\/strong><br \/>\nSo plo\u0161\u010dice in so zgodbe. Energijske plo\u0161\u010dice MOVE so zgodbe o slastnih okusih, ki vas na poti va\u0161e \u0161portne dejavnosti \u0161e dodatno motivirajo ter nagradijo ob malih in velikih \u0161portnih dose\u017ekih.<\/p>\n<p>Premium ekolo\u0161ka energijska plo\u0161\u010dica MOVE Jabolko &#038; Cimet s skrbno izbranimi sestavinami ekolo\u0161kega izvora vas napolni z energijo in popelje v nove \u0161portne dose\u017eke!<\/p>\n<p>Narejena je brez dodanih sladkorjev, arom, barvil, gostil, <strong>glutena in laktoze<\/strong><\/b>. Z visoko vsebnostjo vlaknin, 100% naravna.<\/p>\n<p>Potrjeno s strani profesionalnih \u0161portnikov.<\/p>\n<p><strong>Privo\u0161\u010dite si jih brez slabe vesti!<\/strong><\/p>\n<div style=\"max-width:700px;\">\n<h3>Hranilna vrednost<\/h3>\n<p><strong>100 g<\/strong><\/p>\n<table style=\"width:100%; border-collapse:collapse;\">\n<tr>\n<td>Energijska vrednost<\/td>\n<td style=\"text-align:right;\">1682 kJ \/ 402 kcal<\/td>\n<\/tr>\n<tr>\n<td>Ma\u0161\u010dobe<\/td>\n<td style=\"text-align:right;\">17,3 g<\/td>\n<\/tr>\n<tr>\n<td>&nbsp;&nbsp;od tega nasi\u010dene ma\u0161\u010dobe<\/td>\n<td style=\"text-align:right;\">5,9 g<\/td>\n<\/tr>\n<tr>\n<td>Ogljikovi hidrati<\/td>\n<td style=\"text-align:right;\">52,5 g<\/td>\n<\/tr>\n<tr>\n<td>&nbsp;&nbsp;od tega sladkorji<\/td>\n<td style=\"text-align:right;\">35,8 g<\/td>\n<\/tr>\n<tr>\n<td>Prehranske vlaknine<\/td>\n<td style=\"text-align:right;\">8,3 g<\/td>\n<\/tr>\n<tr>\n<td>Beljakovine<\/td>\n<td style=\"text-align:right;\">6,7 g<\/td>\n<\/tr>\n<tr>\n<td>Sol<\/td>\n<td style=\"text-align:right;\">0,45 g<\/td>\n<\/tr>\n<\/table>\n<\/div>\n","protected":false},"excerpt":{"rendered":"<p><img decoding=\"async\" class=\"alignnone size-large wp-image-22716 lazyload\" data-src=\"https:\/\/nutrispoint.com\/wp-content\/uploads\/2021\/09\/Kljukica.svg\" alt=\"\" width=\"20\" src=\"data:image\/svg+xml;base64,PHN2ZyB3aWR0aD0iMSIgaGVpZ2h0PSIxIiB4bWxucz0iaHR0cDovL3d3dy53My5vcmcvMjAwMC9zdmciPjwvc3ZnPg==\" \/> 100% naravna<br \/>\n<img decoding=\"async\" class=\"alignnone size-large wp-image-22716 lazyload\" data-src=\"https:\/\/nutrispoint.com\/wp-content\/uploads\/2021\/09\/Kljukica.svg\" alt=\"\" width=\"20\" src=\"data:image\/svg+xml;base64,PHN2ZyB3aWR0aD0iMSIgaGVpZ2h0PSIxIiB4bWxucz0iaHR0cDovL3d3dy53My5vcmcvMjAwMC9zdmciPjwvc3ZnPg==\" \/> Brez dodanih sladkorjev, arom, barvil, gostil, <strong>glutena<\/strong> in <strong>laktoze<\/strong><br \/>\n<img decoding=\"async\" class=\"alignnone size-large wp-image-22716 lazyload\" data-src=\"https:\/\/nutrispoint.com\/wp-content\/uploads\/2021\/09\/Kljukica.svg\" alt=\"\" width=\"20\" src=\"data:image\/svg+xml;base64,PHN2ZyB3aWR0aD0iMSIgaGVpZ2h0PSIxIiB4bWxucz0iaHR0cDovL3d3dy53My5vcmcvMjAwMC9zdmciPjwvc3ZnPg==\" \/> Z visoko vsebnostjo vlaknin<br \/>\n<img decoding=\"async\" class=\"alignnone size-large wp-image-22716 lazyload\" data-src=\"https:\/\/nutrispoint.com\/wp-content\/uploads\/2021\/09\/Kljukica.svg\" alt=\"\" width=\"20\" src=\"data:image\/svg+xml;base64,PHN2ZyB3aWR0aD0iMSIgaGVpZ2h0PSIxIiB4bWxucz0iaHR0cDovL3d3dy53My5vcmcvMjAwMC9zdmciPjwvc3ZnPg==\" \/> Potrjeno s strani profesionalnih \u0161portnikov<br \/>\n<img decoding=\"async\" class=\"alignnone size-large wp-image-22716 lazyload\" data-src=\"https:\/\/nutrispoint.com\/wp-content\/uploads\/2021\/09\/Kljukica.svg\" alt=\"\" width=\"20\" src=\"data:image\/svg+xml;base64,PHN2ZyB3aWR0aD0iMSIgaGVpZ2h0PSIxIiB4bWxucz0iaHR0cDovL3d3dy53My5vcmcvMjAwMC9zdmciPjwvc3ZnPg==\" \/> Napolni vas z energijo in popelje v nove \u0161portne dose\u017eke!<\/p>\n<p><img decoding=\"async\" data-src=\"https:\/\/nutrispoint.com\/wp-content\/uploads\/2021\/09\/ICON_Eko.svg\" width=\"16%\" src=\"data:image\/svg+xml;base64,PHN2ZyB3aWR0aD0iMSIgaGVpZ2h0PSIxIiB4bWxucz0iaHR0cDovL3d3dy53My5vcmcvMjAwMC9zdmciPjwvc3ZnPg==\" class=\"lazyload\" \/>\u00a0<img decoding=\"async\" data-src=\"https:\/\/nutrispoint.com\/wp-content\/uploads\/2021\/09\/ICON_brez-aditivov.svg\" width=\"16%\" src=\"data:image\/svg+xml;base64,PHN2ZyB3aWR0aD0iMSIgaGVpZ2h0PSIxIiB4bWxucz0iaHR0cDovL3d3dy53My5vcmcvMjAwMC9zdmciPjwvc3ZnPg==\" class=\"lazyload\" \/>\u00a0<img decoding=\"async\" data-src=\"https:\/\/nutrispoint.com\/wp-content\/uploads\/2021\/09\/ICON_brez-GLUTENA.svg\" width=\"16%\" src=\"data:image\/svg+xml;base64,PHN2ZyB3aWR0aD0iMSIgaGVpZ2h0PSIxIiB4bWxucz0iaHR0cDovL3d3dy53My5vcmcvMjAwMC9zdmciPjwvc3ZnPg==\" class=\"lazyload\" \/>\u00a0<img decoding=\"async\" data-src=\"https:\/\/nutrispoint.com\/wp-content\/uploads\/2021\/09\/ICON_brez-mleka.svg\" width=\"16%\" src=\"data:image\/svg+xml;base64,PHN2ZyB3aWR0aD0iMSIgaGVpZ2h0PSIxIiB4bWxucz0iaHR0cDovL3d3dy53My5vcmcvMjAwMC9zdmciPjwvc3ZnPg==\" class=\"lazyload\" \/>\u00a0<img decoding=\"async\" data-src=\"https:\/\/nutrispoint.com\/wp-content\/uploads\/2021\/09\/ICON_Izbrane.svg\" width=\"16%\" src=\"data:image\/svg+xml;base64,PHN2ZyB3aWR0aD0iMSIgaGVpZ2h0PSIxIiB4bWxucz0iaHR0cDovL3d3dy53My5vcmcvMjAwMC9zdmciPjwvc3ZnPg==\" class=\"lazyload\" \/> <img decoding=\"async\" data-src=\"https:\/\/nutrispoint.com\/wp-content\/uploads\/2021\/09\/ICON_vlaknine.svg\" width=\"16%\" src=\"data:image\/svg+xml;base64,PHN2ZyB3aWR0aD0iMSIgaGVpZ2h0PSIxIiB4bWxucz0iaHR0cDovL3d3dy53My5vcmcvMjAwMC9zdmciPjwvc3ZnPg==\" class=\"lazyload\" \/><\/p>\n","protected":false},"featured_media":45991,"comment_status":"open","ping_status":"closed","template":"","meta":[],"product_brand":[],"product_cat":[466],"product_tag":[],"class_list":{"0":"post-23030","1":"product","2":"type-product","3":"status-publish","4":"has-post-thumbnail","6":"product_cat-sport-line","8":"first","9":"instock","10":"taxable","11":"shipping-taxable","12":"purchasable","13":"product-type-simple"},"yoast_head":"<!-- This site is optimized with the Yoast SEO plugin v27.5 - https:\/\/yoast.com\/product\/yoast-seo-wordpress\/ -->\n<title>BOX - 20 x Organic Energy Bar MOVE - Apple &amp; Cinnamon - Nutrispoint<\/title>\n<meta name=\"robots\" content=\"index, follow, max-snippet:-1, max-image-preview:large, max-video-preview:-1\" \/>\n<link rel=\"canonical\" href=\"https:\/\/nutrispoint.com\/?izdelek=box-20-x-bio-energijska-ploscica-move-jabolko-in-cimet\" \/>\n<meta name=\"twitter:label1\" content=\"Est. reading time\" \/>\n\t<meta name=\"twitter:data1\" content=\"1 minuta\" \/>\n<script type=\"application\/ld+json\" class=\"yoast-schema-graph\">{\"@context\":\"https:\\\/\\\/schema.org\",\"@graph\":[{\"@type\":\"WebPage\",\"@id\":\"https:\\\/\\\/nutrispoint.com\\\/?izdelek=box-20-x-bio-energijska-ploscica-move-jabolko-in-cimet\",\"url\":\"https:\\\/\\\/nutrispoint.com\\\/?izdelek=box-20-x-bio-energijska-ploscica-move-jabolko-in-cimet\",\"name\":\"BOX - 20 x Organic Energy Bar MOVE - Apple & Cinnamon - Nutrispoint\",\"isPartOf\":{\"@id\":\"https:\\\/\\\/nutrispoint.com\\\/#website\"},\"primaryImageOfPage\":{\"@id\":\"https:\\\/\\\/nutrispoint.com\\\/?izdelek=box-20-x-bio-energijska-ploscica-move-jabolko-in-cimet#primaryimage\"},\"image\":{\"@id\":\"https:\\\/\\\/nutrispoint.com\\\/?izdelek=box-20-x-bio-energijska-ploscica-move-jabolko-in-cimet#primaryimage\"},\"thumbnailUrl\":\"https:\\\/\\\/nutrispoint.com\\\/wp-content\\\/uploads\\\/2021\\\/07\\\/Energy_Bar_Apple-1.png\",\"datePublished\":\"2021-07-26T13:26:43+00:00\",\"dateModified\":\"2026-03-17T12:42:23+00:00\",\"breadcrumb\":{\"@id\":\"https:\\\/\\\/nutrispoint.com\\\/?izdelek=box-20-x-bio-energijska-ploscica-move-jabolko-in-cimet#breadcrumb\"},\"inLanguage\":\"sl-SI\",\"potentialAction\":[{\"@type\":\"ReadAction\",\"target\":[\"https:\\\/\\\/nutrispoint.com\\\/?izdelek=box-20-x-bio-energijska-ploscica-move-jabolko-in-cimet\"]}]},{\"@type\":\"ImageObject\",\"inLanguage\":\"sl-SI\",\"@id\":\"https:\\\/\\\/nutrispoint.com\\\/?izdelek=box-20-x-bio-energijska-ploscica-move-jabolko-in-cimet#primaryimage\",\"url\":\"https:\\\/\\\/nutrispoint.com\\\/wp-content\\\/uploads\\\/2021\\\/07\\\/Energy_Bar_Apple-1.png\",\"contentUrl\":\"https:\\\/\\\/nutrispoint.com\\\/wp-content\\\/uploads\\\/2021\\\/07\\\/Energy_Bar_Apple-1.png\",\"width\":1200,\"height\":1200},{\"@type\":\"BreadcrumbList\",\"@id\":\"https:\\\/\\\/nutrispoint.com\\\/?izdelek=box-20-x-bio-energijska-ploscica-move-jabolko-in-cimet#breadcrumb\",\"itemListElement\":[{\"@type\":\"ListItem\",\"position\":1,\"name\":\"Home\",\"item\":\"https:\\\/\\\/nutrispoint.com\\\/\"},{\"@type\":\"ListItem\",\"position\":2,\"name\":\"Trgovina\",\"item\":\"https:\\\/\\\/nutrispoint.com?page_id=6691\"},{\"@type\":\"ListItem\",\"position\":3,\"name\":\"BOX &#8211; 20 x Organic Energy Bar MOVE &#8211; Apple &#038; Cinnamon\"}]},{\"@type\":\"WebSite\",\"@id\":\"https:\\\/\\\/nutrispoint.com\\\/#website\",\"url\":\"https:\\\/\\\/nutrispoint.com\\\/\",\"name\":\"Nutrispoint\",\"description\":\"Honest nutrition\",\"publisher\":{\"@id\":\"https:\\\/\\\/nutrispoint.com\\\/#organization\"},\"potentialAction\":[{\"@type\":\"SearchAction\",\"target\":{\"@type\":\"EntryPoint\",\"urlTemplate\":\"https:\\\/\\\/nutrispoint.com\\\/?s={search_term_string}\"},\"query-input\":{\"@type\":\"PropertyValueSpecification\",\"valueRequired\":true,\"valueName\":\"search_term_string\"}}],\"inLanguage\":\"sl-SI\"},{\"@type\":\"Organization\",\"@id\":\"https:\\\/\\\/nutrispoint.com\\\/#organization\",\"name\":\"Nutrispoint\",\"url\":\"https:\\\/\\\/nutrispoint.com\\\/\",\"logo\":{\"@type\":\"ImageObject\",\"inLanguage\":\"sl-SI\",\"@id\":\"https:\\\/\\\/nutrispoint.com\\\/#\\\/schema\\\/logo\\\/image\\\/\",\"url\":\"https:\\\/\\\/nutrispoint.com\\\/wp-content\\\/uploads\\\/2025\\\/06\\\/Nutrispoint_Horizontal-Logo-2025.svg\",\"contentUrl\":\"https:\\\/\\\/nutrispoint.com\\\/wp-content\\\/uploads\\\/2025\\\/06\\\/Nutrispoint_Horizontal-Logo-2025.svg\",\"width\":400,\"height\":72,\"caption\":\"Nutrispoint\"},\"image\":{\"@id\":\"https:\\\/\\\/nutrispoint.com\\\/#\\\/schema\\\/logo\\\/image\\\/\"}}]}<\/script>\n<!-- \/ Yoast SEO plugin. -->","yoast_head_json":{"title":"BOX - 20 x Organic Energy Bar MOVE - Apple & Cinnamon - Nutrispoint","robots":{"index":"index","follow":"follow","max-snippet":"max-snippet:-1","max-image-preview":"max-image-preview:large","max-video-preview":"max-video-preview:-1"},"canonical":"https:\/\/nutrispoint.com\/?izdelek=box-20-x-bio-energijska-ploscica-move-jabolko-in-cimet","twitter_misc":{"Est. reading time":"1 minuta"},"schema":{"@context":"https:\/\/schema.org","@graph":[{"@type":"WebPage","@id":"https:\/\/nutrispoint.com\/?izdelek=box-20-x-bio-energijska-ploscica-move-jabolko-in-cimet","url":"https:\/\/nutrispoint.com\/?izdelek=box-20-x-bio-energijska-ploscica-move-jabolko-in-cimet","name":"BOX - 20 x Organic Energy Bar MOVE - Apple & Cinnamon - Nutrispoint","isPartOf":{"@id":"https:\/\/nutrispoint.com\/#website"},"primaryImageOfPage":{"@id":"https:\/\/nutrispoint.com\/?izdelek=box-20-x-bio-energijska-ploscica-move-jabolko-in-cimet#primaryimage"},"image":{"@id":"https:\/\/nutrispoint.com\/?izdelek=box-20-x-bio-energijska-ploscica-move-jabolko-in-cimet#primaryimage"},"thumbnailUrl":"https:\/\/nutrispoint.com\/wp-content\/uploads\/2021\/07\/Energy_Bar_Apple-1.png","datePublished":"2021-07-26T13:26:43+00:00","dateModified":"2026-03-17T12:42:23+00:00","breadcrumb":{"@id":"https:\/\/nutrispoint.com\/?izdelek=box-20-x-bio-energijska-ploscica-move-jabolko-in-cimet#breadcrumb"},"inLanguage":"sl-SI","potentialAction":[{"@type":"ReadAction","target":["https:\/\/nutrispoint.com\/?izdelek=box-20-x-bio-energijska-ploscica-move-jabolko-in-cimet"]}]},{"@type":"ImageObject","inLanguage":"sl-SI","@id":"https:\/\/nutrispoint.com\/?izdelek=box-20-x-bio-energijska-ploscica-move-jabolko-in-cimet#primaryimage","url":"https:\/\/nutrispoint.com\/wp-content\/uploads\/2021\/07\/Energy_Bar_Apple-1.png","contentUrl":"https:\/\/nutrispoint.com\/wp-content\/uploads\/2021\/07\/Energy_Bar_Apple-1.png","width":1200,"height":1200},{"@type":"BreadcrumbList","@id":"https:\/\/nutrispoint.com\/?izdelek=box-20-x-bio-energijska-ploscica-move-jabolko-in-cimet#breadcrumb","itemListElement":[{"@type":"ListItem","position":1,"name":"Home","item":"https:\/\/nutrispoint.com\/"},{"@type":"ListItem","position":2,"name":"Trgovina","item":"https:\/\/nutrispoint.com?page_id=6691"},{"@type":"ListItem","position":3,"name":"BOX &#8211; 20 x Organic Energy Bar MOVE &#8211; Apple &#038; Cinnamon"}]},{"@type":"WebSite","@id":"https:\/\/nutrispoint.com\/#website","url":"https:\/\/nutrispoint.com\/","name":"Nutrispoint","description":"Honest nutrition","publisher":{"@id":"https:\/\/nutrispoint.com\/#organization"},"potentialAction":[{"@type":"SearchAction","target":{"@type":"EntryPoint","urlTemplate":"https:\/\/nutrispoint.com\/?s={search_term_string}"},"query-input":{"@type":"PropertyValueSpecification","valueRequired":true,"valueName":"search_term_string"}}],"inLanguage":"sl-SI"},{"@type":"Organization","@id":"https:\/\/nutrispoint.com\/#organization","name":"Nutrispoint","url":"https:\/\/nutrispoint.com\/","logo":{"@type":"ImageObject","inLanguage":"sl-SI","@id":"https:\/\/nutrispoint.com\/#\/schema\/logo\/image\/","url":"https:\/\/nutrispoint.com\/wp-content\/uploads\/2025\/06\/Nutrispoint_Horizontal-Logo-2025.svg","contentUrl":"https:\/\/nutrispoint.com\/wp-content\/uploads\/2025\/06\/Nutrispoint_Horizontal-Logo-2025.svg","width":400,"height":72,"caption":"Nutrispoint"},"image":{"@id":"https:\/\/nutrispoint.com\/#\/schema\/logo\/image\/"}}]}},"_links":{"self":[{"href":"https:\/\/nutrispoint.com\/index.php?rest_route=\/wp\/v2\/product\/23030","targetHints":{"allow":["GET"]}}],"collection":[{"href":"https:\/\/nutrispoint.com\/index.php?rest_route=\/wp\/v2\/product"}],"about":[{"href":"https:\/\/nutrispoint.com\/index.php?rest_route=\/wp\/v2\/types\/product"}],"replies":[{"embeddable":true,"href":"https:\/\/nutrispoint.com\/index.php?rest_route=%2Fwp%2Fv2%2Fcomments&post=23030"}],"version-history":[{"count":2,"href":"https:\/\/nutrispoint.com\/index.php?rest_route=\/wp\/v2\/product\/23030\/revisions"}],"predecessor-version":[{"id":45941,"href":"https:\/\/nutrispoint.com\/index.php?rest_route=\/wp\/v2\/product\/23030\/revisions\/45941"}],"wp:featuredmedia":[{"embeddable":true,"href":"https:\/\/nutrispoint.com\/index.php?rest_route=\/wp\/v2\/media\/45991"}],"wp:attachment":[{"href":"https:\/\/nutrispoint.com\/index.php?rest_route=%2Fwp%2Fv2%2Fmedia&parent=23030"}],"wp:term":[{"taxonomy":"product_brand","embeddable":true,"href":"https:\/\/nutrispoint.com\/index.php?rest_route=%2Fwp%2Fv2%2Fproduct_brand&post=23030"},{"taxonomy":"product_cat","embeddable":true,"href":"https:\/\/nutrispoint.com\/index.php?rest_route=%2Fwp%2Fv2%2Fproduct_cat&post=23030"},{"taxonomy":"product_tag","embeddable":true,"href":"https:\/\/nutrispoint.com\/index.php?rest_route=%2Fwp%2Fv2%2Fproduct_tag&post=23030"}],"curies":[{"name":"wp","href":"https:\/\/api.w.org\/{rel}","templated":true}]}}